{"id":1292,"date":"2026-02-01T14:41:31","date_gmt":"2026-02-01T13:41:31","guid":{"rendered":"http:\/\/hitrecords.digesthub.com\/proizvod\/ljetna-kompilacija\/"},"modified":"2026-02-01T14:41:31","modified_gmt":"2026-02-01T13:41:31","slug":"ljetna-kompilacija","status":"publish","type":"product","link":"https:\/\/webshop.hitrecords.hr\/?product=ljetna-kompilacija","title":{"rendered":"LJETNA KOMPILACIJA"},"content":{"rendered":"<p>Popis pjesama:<br \/>\n1. TONY CETINSKI &#8211; Kao u snu<br \/>\n2. MASSIMO &#8211; Iz jednog pogleda<br \/>\n3. MARKO KUTLI\u0106 &#8211; Srce se spasilo<br \/>\n4. HARI RON\u010cEVI\u0106 &#8211; Da napi\u0161e\u0161 na nebu<br \/>\n5. TO\u0160E PROESKI &#8211; Sre\u0107o ne krivi me<br \/>\n6. DAVID TEMELKOV &#8211; Balerina od stakla<br \/>\n7. NINA BADRI\u0106 &#8211; Dani i godine<br \/>\n8. HARI MATA HARI I ELENA RISTESKA &#8211; Jo\u0161 me pla\u0161i\u0161<br \/>\n9. PRAVILA IGRE &#8211; Nebo na mojoj strani<br \/>\n10. GIULIANO &#8211; Miri\u0161e<br \/>\n11. PRLJAVO KAZALI\u0160TE &#8211; Mi ple\u0161emo<br \/>\n12. ITD BAND &#8211; Gradske cure<br \/>\n13. JURE BRKLJA\u010cA &#8211; Pristani na sve<br \/>\n14. DAMIR KED\u017dO FEAT. ZSA ZSA &#8211; Sve u meni se budi<\/p>\n","protected":false},"excerpt":{"rendered":"<p>Popis pjesama: 1. TONY CETINSKI &#8211; Kao u snu 2. MASSIMO &#8211; Iz jednog pogleda 3. MARKO KUTLI\u0106 &#8211; Srce se spasilo 4. HARI RON\u010cEVI\u0106 &#8211; Da napi\u0161e\u0161 na nebu 5. TO\u0160E PROESKI &#8211; Sre\u0107o ne krivi me 6. DAVID TEMELKOV &#8211; Balerina od stakla 7. NINA BADRI\u0106 &#8211; Dani i godine 8. HARI MATA [&hellip;]<\/p>\n","protected":false},"featured_media":1293,"comment_status":"open","ping_status":"closed","template":"","meta":[],"product_brand":[],"product_cat":[31],"product_tag":[],"class_list":{"0":"post-1292","1":"product","2":"type-product","3":"status-publish","4":"has-post-thumbnail","6":"product_cat-cd","8":"first","9":"instock","10":"shipping-taxable","11":"purchasable","12":"product-type-simple"},"_links":{"self":[{"href":"https:\/\/webshop.hitrecords.hr\/index.php?rest_route=\/wp\/v2\/product\/1292","targetHints":{"allow":["GET"]}}],"collection":[{"href":"https:\/\/webshop.hitrecords.hr\/index.php?rest_route=\/wp\/v2\/product"}],"about":[{"href":"https:\/\/webshop.hitrecords.hr\/index.php?rest_route=\/wp\/v2\/types\/product"}],"replies":[{"embeddable":true,"href":"https:\/\/webshop.hitrecords.hr\/index.php?rest_route=%2Fwp%2Fv2%2Fcomments&post=1292"}],"wp:featuredmedia":[{"embeddable":true,"href":"https:\/\/webshop.hitrecords.hr\/index.php?rest_route=\/wp\/v2\/media\/1293"}],"wp:attachment":[{"href":"https:\/\/webshop.hitrecords.hr\/index.php?rest_route=%2Fwp%2Fv2%2Fmedia&parent=1292"}],"wp:term":[{"taxonomy":"product_brand","embeddable":true,"href":"https:\/\/webshop.hitrecords.hr\/index.php?rest_route=%2Fwp%2Fv2%2Fproduct_brand&post=1292"},{"taxonomy":"product_cat","embeddable":true,"href":"https:\/\/webshop.hitrecords.hr\/index.php?rest_route=%2Fwp%2Fv2%2Fproduct_cat&post=1292"},{"taxonomy":"product_tag","embeddable":true,"href":"https:\/\/webshop.hitrecords.hr\/index.php?rest_route=%2Fwp%2Fv2%2Fproduct_tag&post=1292"}],"curies":[{"name":"wp","href":"https:\/\/api.w.org\/{rel}","templated":true}]}}