{"id":1298,"date":"2026-02-01T14:41:32","date_gmt":"2026-02-01T13:41:32","guid":{"rendered":"http:\/\/hitrecords.digesthub.com\/proizvod\/izgubljeno-nadeno\/"},"modified":"2026-02-01T14:41:32","modified_gmt":"2026-02-01T13:41:32","slug":"izgubljeno-nadeno","status":"publish","type":"product","link":"https:\/\/webshop.hitrecords.hr\/?product=izgubljeno-nadeno","title":{"rendered":"IZGUBLJENO \/ NA\u0110ENO"},"content":{"rendered":"<p>1.\tO \u010cEMU RAZMI\u0160LJA\u0160 U SNU<br \/>\n2.\tSVE GRIJEHE PI\u0160I NA MENE<br \/>\n3.\tNEPONOVLJIVA<br \/>\n4.\tU SRCU MOM<br \/>\n5.\tKO BI REKO DRAGA<br \/>\n6.\tPARALELNI SVEMIRI<br \/>\n7.\tSVE BI BILO MNOGO BOLJE<br \/>\n8.\tRASTVORIO BI MORE<br \/>\n9.\tSAMO ME LJUBI<br \/>\n10.\tTVOJE TIJELO IVA<br \/>\n11.\tPAMETNI<\/p>\n","protected":false},"excerpt":{"rendered":"<p>1. O \u010cEMU RAZMI\u0160LJA\u0160 U SNU 2. SVE GRIJEHE PI\u0160I NA MENE 3. NEPONOVLJIVA 4. U SRCU MOM 5. KO BI REKO DRAGA 6. PARALELNI SVEMIRI 7. SVE BI BILO MNOGO BOLJE 8. RASTVORIO BI MORE 9. SAMO ME LJUBI 10. TVOJE TIJELO IVA 11. PAMETNI<\/p>\n","protected":false},"featured_media":1299,"comment_status":"open","ping_status":"closed","template":"","meta":[],"product_brand":[],"product_cat":[31],"product_tag":[],"class_list":{"0":"post-1298","1":"product","2":"type-product","3":"status-publish","4":"has-post-thumbnail","6":"product_cat-cd","8":"first","9":"instock","10":"shipping-taxable","11":"purchasable","12":"product-type-simple"},"_links":{"self":[{"href":"https:\/\/webshop.hitrecords.hr\/index.php?rest_route=\/wp\/v2\/product\/1298","targetHints":{"allow":["GET"]}}],"collection":[{"href":"https:\/\/webshop.hitrecords.hr\/index.php?rest_route=\/wp\/v2\/product"}],"about":[{"href":"https:\/\/webshop.hitrecords.hr\/index.php?rest_route=\/wp\/v2\/types\/product"}],"replies":[{"embeddable":true,"href":"https:\/\/webshop.hitrecords.hr\/index.php?rest_route=%2Fwp%2Fv2%2Fcomments&post=1298"}],"wp:featuredmedia":[{"embeddable":true,"href":"https:\/\/webshop.hitrecords.hr\/index.php?rest_route=\/wp\/v2\/media\/1299"}],"wp:attachment":[{"href":"https:\/\/webshop.hitrecords.hr\/index.php?rest_route=%2Fwp%2Fv2%2Fmedia&parent=1298"}],"wp:term":[{"taxonomy":"product_brand","embeddable":true,"href":"https:\/\/webshop.hitrecords.hr\/index.php?rest_route=%2Fwp%2Fv2%2Fproduct_brand&post=1298"},{"taxonomy":"product_cat","embeddable":true,"href":"https:\/\/webshop.hitrecords.hr\/index.php?rest_route=%2Fwp%2Fv2%2Fproduct_cat&post=1298"},{"taxonomy":"product_tag","embeddable":true,"href":"https:\/\/webshop.hitrecords.hr\/index.php?rest_route=%2Fwp%2Fv2%2Fproduct_tag&post=1298"}],"curies":[{"name":"wp","href":"https:\/\/api.w.org\/{rel}","templated":true}]}}