{"id":1316,"date":"2026-02-01T14:41:34","date_gmt":"2026-02-01T13:41:34","guid":{"rendered":"http:\/\/hitrecords.digesthub.com\/proizvod\/sta-mi-ljube-oces-kazat\/"},"modified":"2026-02-01T14:41:34","modified_gmt":"2026-02-01T13:41:34","slug":"sta-mi-ljube-oces-kazat","status":"publish","type":"product","link":"https:\/\/webshop.hitrecords.hr\/?product=sta-mi-ljube-oces-kazat","title":{"rendered":"\u0160TA MI LJUBE O\u0106E\u0160 KAZAT"},"content":{"rendered":"<p>1. \u0160ta mi ljube o\u0107e\u0161 kazat<br \/>\n2. Maka, maka<br \/>\n3. Ajme \u0161ta te volin<br \/>\n4. Ja samo za te \u017eivin<br \/>\n5. Jedina jubav mog \u017eivota<br \/>\n6. Bojim se<br \/>\n7. Dok jutra na te miri\u0161u<br \/>\n8. Kad iman tebe<br \/>\n9. Kucaj srca tvog<br \/>\n10. Kada ljubav dvije du\u0161e spoji<br \/>\n11. Ja samo za te \u017eivin (instrumental)<\/p>\n","protected":false},"excerpt":{"rendered":"<p>1. \u0160ta mi ljube o\u0107e\u0161 kazat 2. Maka, maka 3. Ajme \u0161ta te volin 4. Ja samo za te \u017eivin 5. Jedina jubav mog \u017eivota 6. Bojim se 7. Dok jutra na te miri\u0161u 8. Kad iman tebe 9. Kucaj srca tvog 10. Kada ljubav dvije du\u0161e spoji 11. Ja samo za te \u017eivin (instrumental)<\/p>\n","protected":false},"featured_media":1317,"comment_status":"open","ping_status":"closed","template":"","meta":[],"product_brand":[],"product_cat":[31],"product_tag":[],"class_list":{"0":"post-1316","1":"product","2":"type-product","3":"status-publish","4":"has-post-thumbnail","6":"product_cat-cd","8":"first","9":"instock","10":"shipping-taxable","11":"purchasable","12":"product-type-simple"},"_links":{"self":[{"href":"https:\/\/webshop.hitrecords.hr\/index.php?rest_route=\/wp\/v2\/product\/1316","targetHints":{"allow":["GET"]}}],"collection":[{"href":"https:\/\/webshop.hitrecords.hr\/index.php?rest_route=\/wp\/v2\/product"}],"about":[{"href":"https:\/\/webshop.hitrecords.hr\/index.php?rest_route=\/wp\/v2\/types\/product"}],"replies":[{"embeddable":true,"href":"https:\/\/webshop.hitrecords.hr\/index.php?rest_route=%2Fwp%2Fv2%2Fcomments&post=1316"}],"wp:featuredmedia":[{"embeddable":true,"href":"https:\/\/webshop.hitrecords.hr\/index.php?rest_route=\/wp\/v2\/media\/1317"}],"wp:attachment":[{"href":"https:\/\/webshop.hitrecords.hr\/index.php?rest_route=%2Fwp%2Fv2%2Fmedia&parent=1316"}],"wp:term":[{"taxonomy":"product_brand","embeddable":true,"href":"https:\/\/webshop.hitrecords.hr\/index.php?rest_route=%2Fwp%2Fv2%2Fproduct_brand&post=1316"},{"taxonomy":"product_cat","embeddable":true,"href":"https:\/\/webshop.hitrecords.hr\/index.php?rest_route=%2Fwp%2Fv2%2Fproduct_cat&post=1316"},{"taxonomy":"product_tag","embeddable":true,"href":"https:\/\/webshop.hitrecords.hr\/index.php?rest_route=%2Fwp%2Fv2%2Fproduct_tag&post=1316"}],"curies":[{"name":"wp","href":"https:\/\/api.w.org\/{rel}","templated":true}]}}