{"id":1318,"date":"2026-02-01T14:41:34","date_gmt":"2026-02-01T13:41:34","guid":{"rendered":"http:\/\/hitrecords.digesthub.com\/proizvod\/bozic-dolazi\/"},"modified":"2026-02-01T14:41:34","modified_gmt":"2026-02-01T13:41:34","slug":"bozic-dolazi","status":"publish","type":"product","link":"https:\/\/webshop.hitrecords.hr\/?product=bozic-dolazi","title":{"rendered":"BO\u017dI\u0106 DOLAZI"},"content":{"rendered":"<p>1. Tony Cetinski-Happy Christmas<br \/>\n2. Nova generacija-Bo\u017ei\u0107 dolazi<br \/>\n3. To\u0161e Proeski-Jingle Bells<br \/>\n4. Jure Brklja\u010da-Bo\u017ei\u0107 je<br \/>\n5. Zorica Kond\u017ea-Sretan ti Bo\u017ei\u0107 narode moj<br \/>\n6. Klapa Kampanel-Bijeli Bo\u017ei\u0107<br \/>\n7. Ivan Zak-Puno je \u017eelja<br \/>\n8. Baruni-Svim na zemlji, mir, veselje<br \/>\n9. Boris Novkovi\u0107-Bo\u017ei\u0107 je tu<br \/>\n10. E.T.-Na Bo\u017ei\u0107 sama<br \/>\n11. Helena-Ovog Bo\u017ei\u0107a<br \/>\n12. Klapa Fri\u017ei-Pono\u0107ka<br \/>\n13. Emanuel Pavon-Tiha no\u0107<br \/>\n12.<\/p>\n","protected":false},"excerpt":{"rendered":"<p>1. Tony Cetinski-Happy Christmas 2. Nova generacija-Bo\u017ei\u0107 dolazi 3. To\u0161e Proeski-Jingle Bells 4. Jure Brklja\u010da-Bo\u017ei\u0107 je 5. Zorica Kond\u017ea-Sretan ti Bo\u017ei\u0107 narode moj 6. Klapa Kampanel-Bijeli Bo\u017ei\u0107 7. Ivan Zak-Puno je \u017eelja 8. Baruni-Svim na zemlji, mir, veselje 9. Boris Novkovi\u0107-Bo\u017ei\u0107 je tu 10. E.T.-Na Bo\u017ei\u0107 sama 11. Helena-Ovog Bo\u017ei\u0107a 12. Klapa Fri\u017ei-Pono\u0107ka 13. Emanuel [&hellip;]<\/p>\n","protected":false},"featured_media":1319,"comment_status":"open","ping_status":"closed","template":"","meta":[],"product_brand":[],"product_cat":[31],"product_tag":[],"class_list":{"0":"post-1318","1":"product","2":"type-product","3":"status-publish","4":"has-post-thumbnail","6":"product_cat-cd","8":"first","9":"instock","10":"shipping-taxable","11":"purchasable","12":"product-type-simple"},"_links":{"self":[{"href":"https:\/\/webshop.hitrecords.hr\/index.php?rest_route=\/wp\/v2\/product\/1318","targetHints":{"allow":["GET"]}}],"collection":[{"href":"https:\/\/webshop.hitrecords.hr\/index.php?rest_route=\/wp\/v2\/product"}],"about":[{"href":"https:\/\/webshop.hitrecords.hr\/index.php?rest_route=\/wp\/v2\/types\/product"}],"replies":[{"embeddable":true,"href":"https:\/\/webshop.hitrecords.hr\/index.php?rest_route=%2Fwp%2Fv2%2Fcomments&post=1318"}],"wp:featuredmedia":[{"embeddable":true,"href":"https:\/\/webshop.hitrecords.hr\/index.php?rest_route=\/wp\/v2\/media\/1319"}],"wp:attachment":[{"href":"https:\/\/webshop.hitrecords.hr\/index.php?rest_route=%2Fwp%2Fv2%2Fmedia&parent=1318"}],"wp:term":[{"taxonomy":"product_brand","embeddable":true,"href":"https:\/\/webshop.hitrecords.hr\/index.php?rest_route=%2Fwp%2Fv2%2Fproduct_brand&post=1318"},{"taxonomy":"product_cat","embeddable":true,"href":"https:\/\/webshop.hitrecords.hr\/index.php?rest_route=%2Fwp%2Fv2%2Fproduct_cat&post=1318"},{"taxonomy":"product_tag","embeddable":true,"href":"https:\/\/webshop.hitrecords.hr\/index.php?rest_route=%2Fwp%2Fv2%2Fproduct_tag&post=1318"}],"curies":[{"name":"wp","href":"https:\/\/api.w.org\/{rel}","templated":true}]}}