{"id":1320,"date":"2026-02-01T14:41:34","date_gmt":"2026-02-01T13:41:34","guid":{"rendered":"http:\/\/hitrecords.digesthub.com\/proizvod\/ostani-tajna-moga-zivota\/"},"modified":"2026-02-01T14:41:34","modified_gmt":"2026-02-01T13:41:34","slug":"ostani-tajna-moga-zivota","status":"publish","type":"product","link":"https:\/\/webshop.hitrecords.hr\/?product=ostani-tajna-moga-zivota","title":{"rendered":"Ostani tajna moga \u017eivota"},"content":{"rendered":"<p>1.\tZnao sam<br \/>\n2.\tNe postojim kad nisi tu<br \/>\n3.\t\u0160to osje\u0107a\u0161 ti<br \/>\n4.\tProzor<br \/>\n5.\tPristani na sve<br \/>\n6.\tOstani tajna moga \u017eivota<br \/>\n7.\tDruga strana<br \/>\n8.\tOvo je istina (feat Tony Cetinski)<br \/>\n9.\tLipa<br \/>\n10.\tDa sutra odem od tebe<br \/>\n11.\tKampo Ka\u0161telo<br \/>\n12.\tMare<br \/>\n13.\tHajde nazovi me<br \/>\n14.\tOna me vu\u010de<\/p>\n","protected":false},"excerpt":{"rendered":"<p>1. Znao sam 2. Ne postojim kad nisi tu 3. \u0160to osje\u0107a\u0161 ti 4. Prozor 5. Pristani na sve 6. Ostani tajna moga \u017eivota 7. Druga strana 8. Ovo je istina (feat Tony Cetinski) 9. Lipa 10. Da sutra odem od tebe 11. Kampo Ka\u0161telo 12. Mare 13. Hajde nazovi me 14. Ona me vu\u010de<\/p>\n","protected":false},"featured_media":1321,"comment_status":"open","ping_status":"closed","template":"","meta":[],"product_brand":[],"product_cat":[31],"product_tag":[],"class_list":{"0":"post-1320","1":"product","2":"type-product","3":"status-publish","4":"has-post-thumbnail","6":"product_cat-cd","8":"first","9":"instock","10":"shipping-taxable","11":"purchasable","12":"product-type-simple"},"_links":{"self":[{"href":"https:\/\/webshop.hitrecords.hr\/index.php?rest_route=\/wp\/v2\/product\/1320","targetHints":{"allow":["GET"]}}],"collection":[{"href":"https:\/\/webshop.hitrecords.hr\/index.php?rest_route=\/wp\/v2\/product"}],"about":[{"href":"https:\/\/webshop.hitrecords.hr\/index.php?rest_route=\/wp\/v2\/types\/product"}],"replies":[{"embeddable":true,"href":"https:\/\/webshop.hitrecords.hr\/index.php?rest_route=%2Fwp%2Fv2%2Fcomments&post=1320"}],"wp:featuredmedia":[{"embeddable":true,"href":"https:\/\/webshop.hitrecords.hr\/index.php?rest_route=\/wp\/v2\/media\/1321"}],"wp:attachment":[{"href":"https:\/\/webshop.hitrecords.hr\/index.php?rest_route=%2Fwp%2Fv2%2Fmedia&parent=1320"}],"wp:term":[{"taxonomy":"product_brand","embeddable":true,"href":"https:\/\/webshop.hitrecords.hr\/index.php?rest_route=%2Fwp%2Fv2%2Fproduct_brand&post=1320"},{"taxonomy":"product_cat","embeddable":true,"href":"https:\/\/webshop.hitrecords.hr\/index.php?rest_route=%2Fwp%2Fv2%2Fproduct_cat&post=1320"},{"taxonomy":"product_tag","embeddable":true,"href":"https:\/\/webshop.hitrecords.hr\/index.php?rest_route=%2Fwp%2Fv2%2Fproduct_tag&post=1320"}],"curies":[{"name":"wp","href":"https:\/\/api.w.org\/{rel}","templated":true}]}}