{"id":5779,"date":"2026-02-01T15:01:49","date_gmt":"2026-02-01T14:01:49","guid":{"rendered":"http:\/\/hitrecords.digesthub.com\/proizvod\/orao-nikad-ne-leti-u-jatu\/"},"modified":"2026-02-01T15:01:49","modified_gmt":"2026-02-01T14:01:49","slug":"orao-nikad-ne-leti-u-jatu","status":"publish","type":"product","link":"https:\/\/webshop.hitrecords.hr\/?product=orao-nikad-ne-leti-u-jatu","title":{"rendered":"ORAO NIKAD NE LETI U JATU"},"content":{"rendered":"<p>1. Orao nikad ne leti u jatu feat. Tony cetinski<br \/>\n2. Kao sjena si koja me prati<br \/>\n3. Zagreb<br \/>\n4. Pekmez<br \/>\n5. Plesa\u010d na \u017eici<br \/>\n6. Ja sam slab na tebe<br \/>\n7. Prolje\u0107e<br \/>\n8. Zrno bola<br \/>\n9. Kao ja<br \/>\n10. Jano<br \/>\n11. Sjene<br \/>\n12 Daljine<\/p>\n","protected":false},"excerpt":{"rendered":"<p>1. Orao nikad ne leti u jatu feat. Tony cetinski 2. Kao sjena si koja me prati 3. Zagreb 4. Pekmez 5. Plesa\u010d na \u017eici 6. Ja sam slab na tebe 7. Prolje\u0107e 8. Zrno bola 9. Kao ja 10. Jano 11. Sjene 12 Daljine<\/p>\n","protected":false},"featured_media":5780,"comment_status":"open","ping_status":"closed","template":"","meta":[],"product_brand":[],"product_cat":[31],"product_tag":[],"class_list":{"0":"post-5779","1":"product","2":"type-product","3":"status-publish","4":"has-post-thumbnail","6":"product_cat-cd","8":"first","9":"instock","10":"shipping-taxable","11":"purchasable","12":"product-type-simple"},"_links":{"self":[{"href":"https:\/\/webshop.hitrecords.hr\/index.php?rest_route=\/wp\/v2\/product\/5779","targetHints":{"allow":["GET"]}}],"collection":[{"href":"https:\/\/webshop.hitrecords.hr\/index.php?rest_route=\/wp\/v2\/product"}],"about":[{"href":"https:\/\/webshop.hitrecords.hr\/index.php?rest_route=\/wp\/v2\/types\/product"}],"replies":[{"embeddable":true,"href":"https:\/\/webshop.hitrecords.hr\/index.php?rest_route=%2Fwp%2Fv2%2Fcomments&post=5779"}],"wp:featuredmedia":[{"embeddable":true,"href":"https:\/\/webshop.hitrecords.hr\/index.php?rest_route=\/wp\/v2\/media\/5780"}],"wp:attachment":[{"href":"https:\/\/webshop.hitrecords.hr\/index.php?rest_route=%2Fwp%2Fv2%2Fmedia&parent=5779"}],"wp:term":[{"taxonomy":"product_brand","embeddable":true,"href":"https:\/\/webshop.hitrecords.hr\/index.php?rest_route=%2Fwp%2Fv2%2Fproduct_brand&post=5779"},{"taxonomy":"product_cat","embeddable":true,"href":"https:\/\/webshop.hitrecords.hr\/index.php?rest_route=%2Fwp%2Fv2%2Fproduct_cat&post=5779"},{"taxonomy":"product_tag","embeddable":true,"href":"https:\/\/webshop.hitrecords.hr\/index.php?rest_route=%2Fwp%2Fv2%2Fproduct_tag&post=5779"}],"curies":[{"name":"wp","href":"https:\/\/api.w.org\/{rel}","templated":true}]}}