{"id":5793,"date":"2026-02-01T15:01:54","date_gmt":"2026-02-01T14:01:54","guid":{"rendered":"http:\/\/hitrecords.digesthub.com\/proizvod\/lipo-mi-je-tu\/"},"modified":"2026-02-01T15:01:54","modified_gmt":"2026-02-01T14:01:54","slug":"lipo-mi-je-tu","status":"publish","type":"product","link":"https:\/\/webshop.hitrecords.hr\/?product=lipo-mi-je-tu","title":{"rendered":"LIPO MI JE TU"},"content":{"rendered":"<p>1. Ajmo du\u0161o pobi\u0107 negdi<br \/>\n2. Zaboravi<br \/>\n3. Pru\u017eimo nam \u0161ansu feat. Zorica Kond\u017ea<br \/>\n4. Ako sutra ode\u0161<br \/>\n5. Fermaj me<br \/>\n6. Lipo mi je tu<br \/>\n7. Takni me nogon ispod lancuna<br \/>\n8. Cukar<br \/>\n9. Pitali me an\u0111eli<br \/>\n10. Koliko mi je \u017ea<br \/>\n11. Pru\u017eimo nam \u0161ansu<\/p>\n","protected":false},"excerpt":{"rendered":"<p>1. Ajmo du\u0161o pobi\u0107 negdi 2. Zaboravi 3. Pru\u017eimo nam \u0161ansu feat. Zorica Kond\u017ea 4. Ako sutra ode\u0161 5. Fermaj me 6. Lipo mi je tu 7. Takni me nogon ispod lancuna 8. Cukar 9. Pitali me an\u0111eli 10. Koliko mi je \u017ea 11. Pru\u017eimo nam \u0161ansu<\/p>\n","protected":false},"featured_media":5794,"comment_status":"open","ping_status":"closed","template":"","meta":[],"product_brand":[],"product_cat":[31],"product_tag":[],"class_list":{"0":"post-5793","1":"product","2":"type-product","3":"status-publish","4":"has-post-thumbnail","6":"product_cat-cd","8":"first","9":"instock","10":"shipping-taxable","11":"purchasable","12":"product-type-simple"},"_links":{"self":[{"href":"https:\/\/webshop.hitrecords.hr\/index.php?rest_route=\/wp\/v2\/product\/5793","targetHints":{"allow":["GET"]}}],"collection":[{"href":"https:\/\/webshop.hitrecords.hr\/index.php?rest_route=\/wp\/v2\/product"}],"about":[{"href":"https:\/\/webshop.hitrecords.hr\/index.php?rest_route=\/wp\/v2\/types\/product"}],"replies":[{"embeddable":true,"href":"https:\/\/webshop.hitrecords.hr\/index.php?rest_route=%2Fwp%2Fv2%2Fcomments&post=5793"}],"wp:featuredmedia":[{"embeddable":true,"href":"https:\/\/webshop.hitrecords.hr\/index.php?rest_route=\/wp\/v2\/media\/5794"}],"wp:attachment":[{"href":"https:\/\/webshop.hitrecords.hr\/index.php?rest_route=%2Fwp%2Fv2%2Fmedia&parent=5793"}],"wp:term":[{"taxonomy":"product_brand","embeddable":true,"href":"https:\/\/webshop.hitrecords.hr\/index.php?rest_route=%2Fwp%2Fv2%2Fproduct_brand&post=5793"},{"taxonomy":"product_cat","embeddable":true,"href":"https:\/\/webshop.hitrecords.hr\/index.php?rest_route=%2Fwp%2Fv2%2Fproduct_cat&post=5793"},{"taxonomy":"product_tag","embeddable":true,"href":"https:\/\/webshop.hitrecords.hr\/index.php?rest_route=%2Fwp%2Fv2%2Fproduct_tag&post=5793"}],"curies":[{"name":"wp","href":"https:\/\/api.w.org\/{rel}","templated":true}]}}