{"id":5795,"date":"2026-02-01T15:01:56","date_gmt":"2026-02-01T14:01:56","guid":{"rendered":"http:\/\/hitrecords.digesthub.com\/proizvod\/kad-se-volimo\/"},"modified":"2026-02-01T15:01:56","modified_gmt":"2026-02-01T14:01:56","slug":"kad-se-volimo","status":"publish","type":"product","link":"https:\/\/webshop.hitrecords.hr\/?product=kad-se-volimo","title":{"rendered":"KAD SE VOLIMO"},"content":{"rendered":"<p>1. Pjesma za ro\u0111endan<br \/>\n2. O\u010di u o\u010di<br \/>\n3. Ljubi san va\u0161u k\u0107er<br \/>\n4. Do\u0111e mi<br \/>\n5. Opasna kombinacija (feat. Maja \u0160uput)<br \/>\n6. Ma boli me za sve<br \/>\n7. Da te bar ne volim<br \/>\n8. An\u0111eo i vrag<br \/>\n9. Praznik za dvoje<br \/>\n10. U pono\u0107(bo\u017ei\u0107na)<br \/>\n11. Na\u0161a mala tajna<br \/>\n12. Najljep\u0161a(acoustic)<br \/>\n13. Savr\u0161en stih<br \/>\n14. Dobra strano mog \u017eivota<\/p>\n","protected":false},"excerpt":{"rendered":"<p>1. Pjesma za ro\u0111endan 2. O\u010di u o\u010di 3. Ljubi san va\u0161u k\u0107er 4. Do\u0111e mi 5. Opasna kombinacija (feat. Maja \u0160uput) 6. Ma boli me za sve 7. Da te bar ne volim 8. An\u0111eo i vrag 9. Praznik za dvoje 10. U pono\u0107(bo\u017ei\u0107na) 11. Na\u0161a mala tajna 12. Najljep\u0161a(acoustic) 13. Savr\u0161en stih 14. [&hellip;]<\/p>\n","protected":false},"featured_media":5796,"comment_status":"open","ping_status":"closed","template":"","meta":[],"product_brand":[],"product_cat":[31],"product_tag":[],"class_list":{"0":"post-5795","1":"product","2":"type-product","3":"status-publish","4":"has-post-thumbnail","6":"product_cat-cd","8":"first","9":"instock","10":"shipping-taxable","11":"purchasable","12":"product-type-simple"},"_links":{"self":[{"href":"https:\/\/webshop.hitrecords.hr\/index.php?rest_route=\/wp\/v2\/product\/5795","targetHints":{"allow":["GET"]}}],"collection":[{"href":"https:\/\/webshop.hitrecords.hr\/index.php?rest_route=\/wp\/v2\/product"}],"about":[{"href":"https:\/\/webshop.hitrecords.hr\/index.php?rest_route=\/wp\/v2\/types\/product"}],"replies":[{"embeddable":true,"href":"https:\/\/webshop.hitrecords.hr\/index.php?rest_route=%2Fwp%2Fv2%2Fcomments&post=5795"}],"wp:featuredmedia":[{"embeddable":true,"href":"https:\/\/webshop.hitrecords.hr\/index.php?rest_route=\/wp\/v2\/media\/5796"}],"wp:attachment":[{"href":"https:\/\/webshop.hitrecords.hr\/index.php?rest_route=%2Fwp%2Fv2%2Fmedia&parent=5795"}],"wp:term":[{"taxonomy":"product_brand","embeddable":true,"href":"https:\/\/webshop.hitrecords.hr\/index.php?rest_route=%2Fwp%2Fv2%2Fproduct_brand&post=5795"},{"taxonomy":"product_cat","embeddable":true,"href":"https:\/\/webshop.hitrecords.hr\/index.php?rest_route=%2Fwp%2Fv2%2Fproduct_cat&post=5795"},{"taxonomy":"product_tag","embeddable":true,"href":"https:\/\/webshop.hitrecords.hr\/index.php?rest_route=%2Fwp%2Fv2%2Fproduct_tag&post=5795"}],"curies":[{"name":"wp","href":"https:\/\/api.w.org\/{rel}","templated":true}]}}