{"id":5800,"date":"2026-02-01T15:01:59","date_gmt":"2026-02-01T14:01:59","guid":{"rendered":"http:\/\/hitrecords.digesthub.com\/proizvod\/balkanija\/"},"modified":"2026-02-01T15:01:59","modified_gmt":"2026-02-01T14:01:59","slug":"balkanija","status":"publish","type":"product","link":"https:\/\/webshop.hitrecords.hr\/?product=balkanija","title":{"rendered":"BALKANIJA"},"content":{"rendered":"<p>1.\tEsma feat. Truba\u010dki orkestar Elvisa Bajramovi\u0107a<br \/>\n2.\tBijeli an\u0111eo<br \/>\n3.\tStrah od ljubavi<br \/>\n4.\tIstanbul<br \/>\n5.\tBilo jednom?<br \/>\n6.\tUbavo<br \/>\n7.\tOro Rucner feat. Marko Duvnjak<br \/>\n8.\tReci osam<br \/>\n9.\tStrah od ljubavi, vocal version<br \/>\n10.\tBijeli an\u0111eo, english version<\/p>\n","protected":false},"excerpt":{"rendered":"<p>1. Esma feat. Truba\u010dki orkestar Elvisa Bajramovi\u0107a 2. Bijeli an\u0111eo 3. Strah od ljubavi 4. Istanbul 5. Bilo jednom? 6. Ubavo 7. Oro Rucner feat. Marko Duvnjak 8. Reci osam 9. Strah od ljubavi, vocal version 10. Bijeli an\u0111eo, english version<\/p>\n","protected":false},"featured_media":5802,"comment_status":"open","ping_status":"closed","template":"","meta":[],"product_brand":[],"product_cat":[31],"product_tag":[],"class_list":{"0":"post-5800","1":"product","2":"type-product","3":"status-publish","4":"has-post-thumbnail","6":"product_cat-cd","8":"first","9":"instock","10":"shipping-taxable","11":"purchasable","12":"product-type-simple"},"_links":{"self":[{"href":"https:\/\/webshop.hitrecords.hr\/index.php?rest_route=\/wp\/v2\/product\/5800","targetHints":{"allow":["GET"]}}],"collection":[{"href":"https:\/\/webshop.hitrecords.hr\/index.php?rest_route=\/wp\/v2\/product"}],"about":[{"href":"https:\/\/webshop.hitrecords.hr\/index.php?rest_route=\/wp\/v2\/types\/product"}],"replies":[{"embeddable":true,"href":"https:\/\/webshop.hitrecords.hr\/index.php?rest_route=%2Fwp%2Fv2%2Fcomments&post=5800"}],"wp:featuredmedia":[{"embeddable":true,"href":"https:\/\/webshop.hitrecords.hr\/index.php?rest_route=\/wp\/v2\/media\/5802"}],"wp:attachment":[{"href":"https:\/\/webshop.hitrecords.hr\/index.php?rest_route=%2Fwp%2Fv2%2Fmedia&parent=5800"}],"wp:term":[{"taxonomy":"product_brand","embeddable":true,"href":"https:\/\/webshop.hitrecords.hr\/index.php?rest_route=%2Fwp%2Fv2%2Fproduct_brand&post=5800"},{"taxonomy":"product_cat","embeddable":true,"href":"https:\/\/webshop.hitrecords.hr\/index.php?rest_route=%2Fwp%2Fv2%2Fproduct_cat&post=5800"},{"taxonomy":"product_tag","embeddable":true,"href":"https:\/\/webshop.hitrecords.hr\/index.php?rest_route=%2Fwp%2Fv2%2Fproduct_tag&post=5800"}],"curies":[{"name":"wp","href":"https:\/\/api.w.org\/{rel}","templated":true}]}}