{"id":600,"date":"2026-02-01T14:40:18","date_gmt":"2026-02-01T13:40:18","guid":{"rendered":"http:\/\/hitrecords.digesthub.com\/proizvod\/jos-te-volim\/"},"modified":"2026-02-01T14:40:23","modified_gmt":"2026-02-01T13:40:23","slug":"jos-te-volim","status":"publish","type":"product","link":"https:\/\/webshop.hitrecords.hr\/?product=jos-te-volim","title":{"rendered":"JO\u0160 TE VOLIM"},"content":{"rendered":"<p>Popis pjesama:<br \/>\n1.\tJo\u0161 mi ljubav spava<br \/>\n2.\tGdje si ti<br \/>\n3.\tJo\u0161 jedan poraz<br \/>\n4.\tKoga sam to zavolio<br \/>\n5.\tNe mogu da te ne volim<br \/>\n6.\tOko pono\u0107i<br \/>\n7.\tVulkani<br \/>\n8.\tBoli me<br \/>\n9.\tS tobom opet u\u010dim \u0161to je ljubav<br \/>\n10.\tTvoj sam<br \/>\n11.\tJo\u0161 te volim<br \/>\n12.\tPovedi me<\/p>\n","protected":false},"excerpt":{"rendered":"<p>Popis pjesama: 1. Jo\u0161 mi ljubav spava 2. Gdje si ti 3. Jo\u0161 jedan poraz 4. Koga sam to zavolio 5. Ne mogu da te ne volim 6. Oko pono\u0107i 7. Vulkani 8. Boli me 9. S tobom opet u\u010dim \u0161to je ljubav 10. Tvoj sam 11. Jo\u0161 te volim 12. Povedi me<\/p>\n","protected":false},"featured_media":602,"comment_status":"open","ping_status":"closed","template":"","meta":[],"product_brand":[],"product_cat":[31],"product_tag":[],"class_list":{"0":"post-600","1":"product","2":"type-product","3":"status-publish","4":"has-post-thumbnail","6":"product_cat-cd","8":"first","9":"instock","10":"shipping-taxable","11":"purchasable","12":"product-type-simple"},"_links":{"self":[{"href":"https:\/\/webshop.hitrecords.hr\/index.php?rest_route=\/wp\/v2\/product\/600","targetHints":{"allow":["GET"]}}],"collection":[{"href":"https:\/\/webshop.hitrecords.hr\/index.php?rest_route=\/wp\/v2\/product"}],"about":[{"href":"https:\/\/webshop.hitrecords.hr\/index.php?rest_route=\/wp\/v2\/types\/product"}],"replies":[{"embeddable":true,"href":"https:\/\/webshop.hitrecords.hr\/index.php?rest_route=%2Fwp%2Fv2%2Fcomments&post=600"}],"wp:featuredmedia":[{"embeddable":true,"href":"https:\/\/webshop.hitrecords.hr\/index.php?rest_route=\/wp\/v2\/media\/602"}],"wp:attachment":[{"href":"https:\/\/webshop.hitrecords.hr\/index.php?rest_route=%2Fwp%2Fv2%2Fmedia&parent=600"}],"wp:term":[{"taxonomy":"product_brand","embeddable":true,"href":"https:\/\/webshop.hitrecords.hr\/index.php?rest_route=%2Fwp%2Fv2%2Fproduct_brand&post=600"},{"taxonomy":"product_cat","embeddable":true,"href":"https:\/\/webshop.hitrecords.hr\/index.php?rest_route=%2Fwp%2Fv2%2Fproduct_cat&post=600"},{"taxonomy":"product_tag","embeddable":true,"href":"https:\/\/webshop.hitrecords.hr\/index.php?rest_route=%2Fwp%2Fv2%2Fproduct_tag&post=600"}],"curies":[{"name":"wp","href":"https:\/\/api.w.org\/{rel}","templated":true}]}}