{"id":613,"date":"2026-02-01T14:40:23","date_gmt":"2026-02-01T13:40:23","guid":{"rendered":"http:\/\/hitrecords.digesthub.com\/proizvod\/powercore\/"},"modified":"2026-02-01T14:40:23","modified_gmt":"2026-02-01T13:40:23","slug":"powercore","status":"publish","type":"product","link":"https:\/\/webshop.hitrecords.hr\/?product=powercore","title":{"rendered":"POWERCORE"},"content":{"rendered":"<p>Popis pjesama:<br \/>\n1.\tPrazan stan<br \/>\n2.\tSoba 202<br \/>\n3.\tNisam za ljubav ro\u0111ena<br \/>\n4.\tMoja nevjero<br \/>\n5.\tZbogom mala<br \/>\n6.\tVarat \u0107u te<br \/>\n7.\tZa biv\u0161e ljubavi<br \/>\n8.\tTi nisi normalan<br \/>\n9.\tUpomo\u0107<br \/>\n10.\tSvirajte mi tu\u017ene<br \/>\n11.\tPrazan stan (dj Pucko beach remix)<br \/>\n12.\tSoba 202 (dj Pucko extended mix)<br \/>\n13.\tNisam za ljubav ro\u0111ena (dj Pucko club remix)<br \/>\n14.\tPrazan stan (Oberkreiner remix)<\/p>\n","protected":false},"excerpt":{"rendered":"<p>Popis pjesama: 1. Prazan stan 2. Soba 202 3. Nisam za ljubav ro\u0111ena 4. Moja nevjero 5. Zbogom mala 6. Varat \u0107u te 7. Za biv\u0161e ljubavi 8. Ti nisi normalan 9. Upomo\u0107 10. Svirajte mi tu\u017ene 11. Prazan stan (dj Pucko beach remix) 12. Soba 202 (dj Pucko extended mix) 13. Nisam za ljubav [&hellip;]<\/p>\n","protected":false},"featured_media":615,"comment_status":"open","ping_status":"closed","template":"","meta":[],"product_brand":[],"product_cat":[31],"product_tag":[],"class_list":{"0":"post-613","1":"product","2":"type-product","3":"status-publish","4":"has-post-thumbnail","6":"product_cat-cd","8":"first","9":"instock","10":"shipping-taxable","11":"purchasable","12":"product-type-simple"},"_links":{"self":[{"href":"https:\/\/webshop.hitrecords.hr\/index.php?rest_route=\/wp\/v2\/product\/613","targetHints":{"allow":["GET"]}}],"collection":[{"href":"https:\/\/webshop.hitrecords.hr\/index.php?rest_route=\/wp\/v2\/product"}],"about":[{"href":"https:\/\/webshop.hitrecords.hr\/index.php?rest_route=\/wp\/v2\/types\/product"}],"replies":[{"embeddable":true,"href":"https:\/\/webshop.hitrecords.hr\/index.php?rest_route=%2Fwp%2Fv2%2Fcomments&post=613"}],"wp:featuredmedia":[{"embeddable":true,"href":"https:\/\/webshop.hitrecords.hr\/index.php?rest_route=\/wp\/v2\/media\/615"}],"wp:attachment":[{"href":"https:\/\/webshop.hitrecords.hr\/index.php?rest_route=%2Fwp%2Fv2%2Fmedia&parent=613"}],"wp:term":[{"taxonomy":"product_brand","embeddable":true,"href":"https:\/\/webshop.hitrecords.hr\/index.php?rest_route=%2Fwp%2Fv2%2Fproduct_brand&post=613"},{"taxonomy":"product_cat","embeddable":true,"href":"https:\/\/webshop.hitrecords.hr\/index.php?rest_route=%2Fwp%2Fv2%2Fproduct_cat&post=613"},{"taxonomy":"product_tag","embeddable":true,"href":"https:\/\/webshop.hitrecords.hr\/index.php?rest_route=%2Fwp%2Fv2%2Fproduct_tag&post=613"}],"curies":[{"name":"wp","href":"https:\/\/api.w.org\/{rel}","templated":true}]}}