{"id":626,"date":"2026-02-01T14:40:24","date_gmt":"2026-02-01T13:40:24","guid":{"rendered":"http:\/\/hitrecords.digesthub.com\/proizvod\/svanut-ce-jutro-puno-ljubavi\/"},"modified":"2026-02-01T14:40:24","modified_gmt":"2026-02-01T13:40:24","slug":"svanut-ce-jutro-puno-ljubavi","status":"publish","type":"product","link":"https:\/\/webshop.hitrecords.hr\/?product=svanut-ce-jutro-puno-ljubavi","title":{"rendered":"SVANUT&#8217; \u0106E JUTRO PUNO LJUBAVI"},"content":{"rendered":"<p>Popis pjesama:<br \/>\n1.\tUzmi sve<br \/>\n2.\tKao nekad<br \/>\n3.\tJa se u\u010dim \u017eivjeti bez tebe<br \/>\n4.\tDraga<br \/>\n5.\tSvanut \u0107e jutro puno ljubavi<br \/>\n6.\tNekako \u0107u te preboljeti<br \/>\n7.\tFalit&#8217; \u0107e\u0161 mi ti<br \/>\n8.\tMene grije<br \/>\n9.\tNema vi\u0161e zore<br \/>\n10.\tO, more more<br \/>\n11.\t\u017divim ako to je \u017eivot<br \/>\n12.\tUzmi sve (remix)<br \/>\n13.\tNeka, neka<br \/>\n14.\tKada Sava krene prema brodu<br \/>\n15.\tNeka pati koga smeta<\/p>\n","protected":false},"excerpt":{"rendered":"<p>Popis pjesama: 1. Uzmi sve 2. Kao nekad 3. Ja se u\u010dim \u017eivjeti bez tebe 4. Draga 5. Svanut \u0107e jutro puno ljubavi 6. Nekako \u0107u te preboljeti 7. Falit&#8217; \u0107e\u0161 mi ti 8. Mene grije 9. Nema vi\u0161e zore 10. O, more more 11. \u017divim ako to je \u017eivot 12. Uzmi sve (remix) 13. [&hellip;]<\/p>\n","protected":false},"featured_media":627,"comment_status":"open","ping_status":"closed","template":"","meta":[],"product_brand":[],"product_cat":[31],"product_tag":[],"class_list":{"0":"post-626","1":"product","2":"type-product","3":"status-publish","4":"has-post-thumbnail","6":"product_cat-cd","8":"first","9":"instock","10":"shipping-taxable","11":"purchasable","12":"product-type-simple"},"_links":{"self":[{"href":"https:\/\/webshop.hitrecords.hr\/index.php?rest_route=\/wp\/v2\/product\/626","targetHints":{"allow":["GET"]}}],"collection":[{"href":"https:\/\/webshop.hitrecords.hr\/index.php?rest_route=\/wp\/v2\/product"}],"about":[{"href":"https:\/\/webshop.hitrecords.hr\/index.php?rest_route=\/wp\/v2\/types\/product"}],"replies":[{"embeddable":true,"href":"https:\/\/webshop.hitrecords.hr\/index.php?rest_route=%2Fwp%2Fv2%2Fcomments&post=626"}],"wp:featuredmedia":[{"embeddable":true,"href":"https:\/\/webshop.hitrecords.hr\/index.php?rest_route=\/wp\/v2\/media\/627"}],"wp:attachment":[{"href":"https:\/\/webshop.hitrecords.hr\/index.php?rest_route=%2Fwp%2Fv2%2Fmedia&parent=626"}],"wp:term":[{"taxonomy":"product_brand","embeddable":true,"href":"https:\/\/webshop.hitrecords.hr\/index.php?rest_route=%2Fwp%2Fv2%2Fproduct_brand&post=626"},{"taxonomy":"product_cat","embeddable":true,"href":"https:\/\/webshop.hitrecords.hr\/index.php?rest_route=%2Fwp%2Fv2%2Fproduct_cat&post=626"},{"taxonomy":"product_tag","embeddable":true,"href":"https:\/\/webshop.hitrecords.hr\/index.php?rest_route=%2Fwp%2Fv2%2Fproduct_tag&post=626"}],"curies":[{"name":"wp","href":"https:\/\/api.w.org\/{rel}","templated":true}]}}