{"id":628,"date":"2026-02-01T14:40:24","date_gmt":"2026-02-01T13:40:24","guid":{"rendered":"http:\/\/hitrecords.digesthub.com\/proizvod\/halid-beslic-08\/"},"modified":"2026-02-01T14:40:24","modified_gmt":"2026-02-01T13:40:24","slug":"halid-beslic-08","status":"publish","type":"product","link":"https:\/\/webshop.hitrecords.hr\/?product=halid-beslic-08","title":{"rendered":"HALID BE\u0160LI\u0106 &#8217;08"},"content":{"rendered":"<p>Popis pjesama:<br \/>\n1.\tMiljacka<br \/>\n2.\t\u010cardak<br \/>\n3.\tLjut na tebe<br \/>\n4.\tNe tra\u017ei me<br \/>\n5.\tSnje\u017eana<br \/>\n6.\tDvadesete<br \/>\n7.\tBudna si<br \/>\n8.\tNije ljubav vino<br \/>\n9.\tLjubi\u010dica<br \/>\n10.\tUlica uzdaha<\/p>\n","protected":false},"excerpt":{"rendered":"<p>Popis pjesama: 1. Miljacka 2. \u010cardak 3. Ljut na tebe 4. Ne tra\u017ei me 5. Snje\u017eana 6. Dvadesete 7. Budna si 8. Nije ljubav vino 9. Ljubi\u010dica 10. Ulica uzdaha<\/p>\n","protected":false},"featured_media":629,"comment_status":"open","ping_status":"closed","template":"","meta":[],"product_brand":[],"product_cat":[31],"product_tag":[],"class_list":{"0":"post-628","1":"product","2":"type-product","3":"status-publish","4":"has-post-thumbnail","6":"product_cat-cd","8":"first","9":"instock","10":"shipping-taxable","11":"purchasable","12":"product-type-simple"},"_links":{"self":[{"href":"https:\/\/webshop.hitrecords.hr\/index.php?rest_route=\/wp\/v2\/product\/628","targetHints":{"allow":["GET"]}}],"collection":[{"href":"https:\/\/webshop.hitrecords.hr\/index.php?rest_route=\/wp\/v2\/product"}],"about":[{"href":"https:\/\/webshop.hitrecords.hr\/index.php?rest_route=\/wp\/v2\/types\/product"}],"replies":[{"embeddable":true,"href":"https:\/\/webshop.hitrecords.hr\/index.php?rest_route=%2Fwp%2Fv2%2Fcomments&post=628"}],"wp:featuredmedia":[{"embeddable":true,"href":"https:\/\/webshop.hitrecords.hr\/index.php?rest_route=\/wp\/v2\/media\/629"}],"wp:attachment":[{"href":"https:\/\/webshop.hitrecords.hr\/index.php?rest_route=%2Fwp%2Fv2%2Fmedia&parent=628"}],"wp:term":[{"taxonomy":"product_brand","embeddable":true,"href":"https:\/\/webshop.hitrecords.hr\/index.php?rest_route=%2Fwp%2Fv2%2Fproduct_brand&post=628"},{"taxonomy":"product_cat","embeddable":true,"href":"https:\/\/webshop.hitrecords.hr\/index.php?rest_route=%2Fwp%2Fv2%2Fproduct_cat&post=628"},{"taxonomy":"product_tag","embeddable":true,"href":"https:\/\/webshop.hitrecords.hr\/index.php?rest_route=%2Fwp%2Fv2%2Fproduct_tag&post=628"}],"curies":[{"name":"wp","href":"https:\/\/api.w.org\/{rel}","templated":true}]}}