{"id":630,"date":"2026-02-01T14:40:25","date_gmt":"2026-02-01T13:40:25","guid":{"rendered":"http:\/\/hitrecords.digesthub.com\/proizvod\/magic\/"},"modified":"2026-02-01T14:40:25","modified_gmt":"2026-02-01T13:40:25","slug":"magic","status":"publish","type":"product","link":"https:\/\/webshop.hitrecords.hr\/?product=magic","title":{"rendered":"MAGIC"},"content":{"rendered":"<p>Popis pjesama:<br \/>\n1. Zbog tebe postojim<br \/>\n2. Mu\u0161tuluk<br \/>\n3. Ne vuci me za jezik<br \/>\n4. Javi se<br \/>\n5. Pusti ljubav, neka krene<br \/>\n6. Tuga mi je sve \u0161to imam<br \/>\n7. Ne diraj ni\u0161ta, dobro je<br \/>\n8. Srce umorno<br \/>\n9. Mjesto ti je uvijek kraj mene<br \/>\n10. Ne mogu ja protiv sudbine<br \/>\n11. Tra\u017ei, tra\u017ei<\/p>\n","protected":false},"excerpt":{"rendered":"<p>Popis pjesama: 1. Zbog tebe postojim 2. Mu\u0161tuluk 3. Ne vuci me za jezik 4. Javi se 5. Pusti ljubav, neka krene 6. Tuga mi je sve \u0161to imam 7. Ne diraj ni\u0161ta, dobro je 8. Srce umorno 9. Mjesto ti je uvijek kraj mene 10. Ne mogu ja protiv sudbine 11. Tra\u017ei, tra\u017ei<\/p>\n","protected":false},"featured_media":632,"comment_status":"open","ping_status":"closed","template":"","meta":[],"product_brand":[],"product_cat":[31],"product_tag":[],"class_list":{"0":"post-630","1":"product","2":"type-product","3":"status-publish","4":"has-post-thumbnail","6":"product_cat-cd","8":"first","9":"instock","10":"shipping-taxable","11":"purchasable","12":"product-type-simple"},"_links":{"self":[{"href":"https:\/\/webshop.hitrecords.hr\/index.php?rest_route=\/wp\/v2\/product\/630","targetHints":{"allow":["GET"]}}],"collection":[{"href":"https:\/\/webshop.hitrecords.hr\/index.php?rest_route=\/wp\/v2\/product"}],"about":[{"href":"https:\/\/webshop.hitrecords.hr\/index.php?rest_route=\/wp\/v2\/types\/product"}],"replies":[{"embeddable":true,"href":"https:\/\/webshop.hitrecords.hr\/index.php?rest_route=%2Fwp%2Fv2%2Fcomments&post=630"}],"wp:featuredmedia":[{"embeddable":true,"href":"https:\/\/webshop.hitrecords.hr\/index.php?rest_route=\/wp\/v2\/media\/632"}],"wp:attachment":[{"href":"https:\/\/webshop.hitrecords.hr\/index.php?rest_route=%2Fwp%2Fv2%2Fmedia&parent=630"}],"wp:term":[{"taxonomy":"product_brand","embeddable":true,"href":"https:\/\/webshop.hitrecords.hr\/index.php?rest_route=%2Fwp%2Fv2%2Fproduct_brand&post=630"},{"taxonomy":"product_cat","embeddable":true,"href":"https:\/\/webshop.hitrecords.hr\/index.php?rest_route=%2Fwp%2Fv2%2Fproduct_cat&post=630"},{"taxonomy":"product_tag","embeddable":true,"href":"https:\/\/webshop.hitrecords.hr\/index.php?rest_route=%2Fwp%2Fv2%2Fproduct_tag&post=630"}],"curies":[{"name":"wp","href":"https:\/\/api.w.org\/{rel}","templated":true}]}}