{"id":633,"date":"2026-02-01T14:40:25","date_gmt":"2026-02-01T13:40:25","guid":{"rendered":"http:\/\/hitrecords.digesthub.com\/proizvod\/sve-najbolje\/"},"modified":"2026-02-01T14:40:25","modified_gmt":"2026-02-01T13:40:25","slug":"sve-najbolje","status":"publish","type":"product","link":"https:\/\/webshop.hitrecords.hr\/?product=sve-najbolje","title":{"rendered":"SVE NAJBOLJE"},"content":{"rendered":"<p>Popis pjesama:<br \/>\nCD1<br \/>\n1.\tRo\u0111en u Zagrebu<br \/>\n2.\tVeza 202<br \/>\n3.\tSonja<br \/>\n4.\tGradske cure<br \/>\n5.\tElena<br \/>\n6.\tDu\u0161a i\u0161te \u0161izili\u0161te<br \/>\n7.\tSaloon<br \/>\n8.\tVojni\u010dka<br \/>\n9.\t\u017divot, \u017eivot<br \/>\n10.\t vijek<br \/>\n11.\tSamo tvoje lice<br \/>\n12.\tPetak 13.<br \/>\n13.\tTreba izazivati neprilike<br \/>\n14.\tSlavenska minijatura<br \/>\n15.\tAd fines<\/p>\n<p>CD2<br \/>\n1.\tSkidam te pogledom<br \/>\n2.\tLagano umirem(u tvome sje\u0107anju)<br \/>\n3.\tMajko zemljo<br \/>\n4.\tS ove strane ljubavi<br \/>\n5.\tOsvajam Beograd<br \/>\n6.\tPonovo te volim onom istom tugom<br \/>\n7.\tStalno misli\u0161 na sex<br \/>\n8.\tJa sam svoje tjerao do kraja<br \/>\n9.\tSara<br \/>\n10.\tJa se budim<br \/>\n11.\tTekila \u0161ila<br \/>\n12.\tMala soba<br \/>\n13.\tPono\u0107ne vijesti<br \/>\n14.\tPromijeni ne\u0161to u sebi<br \/>\n15.\tGledam kroz prozor<\/p>\n","protected":false},"excerpt":{"rendered":"<p>Popis pjesama: CD1 1. Ro\u0111en u Zagrebu 2. Veza 202 3. Sonja 4. Gradske cure 5. Elena 6. Du\u0161a i\u0161te \u0161izili\u0161te 7. Saloon 8. Vojni\u010dka 9. \u017divot, \u017eivot 10. vijek 11. Samo tvoje lice 12. Petak 13. 13. Treba izazivati neprilike 14. Slavenska minijatura 15. Ad fines CD2 1. Skidam te pogledom 2. Lagano umirem(u [&hellip;]<\/p>\n","protected":false},"featured_media":635,"comment_status":"open","ping_status":"closed","template":"","meta":[],"product_brand":[],"product_cat":[31],"product_tag":[],"class_list":{"0":"post-633","1":"product","2":"type-product","3":"status-publish","4":"has-post-thumbnail","6":"product_cat-cd","8":"first","9":"instock","10":"shipping-taxable","11":"purchasable","12":"product-type-simple"},"_links":{"self":[{"href":"https:\/\/webshop.hitrecords.hr\/index.php?rest_route=\/wp\/v2\/product\/633","targetHints":{"allow":["GET"]}}],"collection":[{"href":"https:\/\/webshop.hitrecords.hr\/index.php?rest_route=\/wp\/v2\/product"}],"about":[{"href":"https:\/\/webshop.hitrecords.hr\/index.php?rest_route=\/wp\/v2\/types\/product"}],"replies":[{"embeddable":true,"href":"https:\/\/webshop.hitrecords.hr\/index.php?rest_route=%2Fwp%2Fv2%2Fcomments&post=633"}],"wp:featuredmedia":[{"embeddable":true,"href":"https:\/\/webshop.hitrecords.hr\/index.php?rest_route=\/wp\/v2\/media\/635"}],"wp:attachment":[{"href":"https:\/\/webshop.hitrecords.hr\/index.php?rest_route=%2Fwp%2Fv2%2Fmedia&parent=633"}],"wp:term":[{"taxonomy":"product_brand","embeddable":true,"href":"https:\/\/webshop.hitrecords.hr\/index.php?rest_route=%2Fwp%2Fv2%2Fproduct_brand&post=633"},{"taxonomy":"product_cat","embeddable":true,"href":"https:\/\/webshop.hitrecords.hr\/index.php?rest_route=%2Fwp%2Fv2%2Fproduct_cat&post=633"},{"taxonomy":"product_tag","embeddable":true,"href":"https:\/\/webshop.hitrecords.hr\/index.php?rest_route=%2Fwp%2Fv2%2Fproduct_tag&post=633"}],"curies":[{"name":"wp","href":"https:\/\/api.w.org\/{rel}","templated":true}]}}