{"id":645,"date":"2026-02-01T14:40:26","date_gmt":"2026-02-01T13:40:26","guid":{"rendered":"http:\/\/hitrecords.digesthub.com\/proizvod\/kopija-best-of\/"},"modified":"2026-02-01T14:40:26","modified_gmt":"2026-02-01T13:40:26","slug":"kopija-best-of","status":"publish","type":"product","link":"https:\/\/webshop.hitrecords.hr\/?product=kopija-best-of","title":{"rendered":"KOPIJA (Best Of)"},"content":{"rendered":"<p>Popis pjesama:<br \/>\n1.\tZa\u010daran<br \/>\n2.\tPrava ljubav<br \/>\n3.\tUbile usne moje<br \/>\n4.\tRo\u0111ena da budem prva<br \/>\n5.\tOtkad te nema<br \/>\n6.\tOdlazi\u0161<br \/>\n7.\tMiljama daleko<br \/>\n8.\tKopija<br \/>\n9.\tLjubav nije gre\u0161ka<br \/>\n10.\tProna\u0111i me<br \/>\n11.\tKao prah<br \/>\n12.\t1 razlog<br \/>\n13.\tZora bijela<br \/>\n14.\tOkovi na srcu<br \/>\n15.\tNajbolja glumica<br \/>\n16.\tKradljivica srca<\/p>\n","protected":false},"excerpt":{"rendered":"<p>Popis pjesama: 1. Za\u010daran 2. Prava ljubav 3. Ubile usne moje 4. Ro\u0111ena da budem prva 5. Otkad te nema 6. Odlazi\u0161 7. Miljama daleko 8. Kopija 9. Ljubav nije gre\u0161ka 10. Prona\u0111i me 11. Kao prah 12. 1 razlog 13. Zora bijela 14. Okovi na srcu 15. Najbolja glumica 16. Kradljivica srca<\/p>\n","protected":false},"featured_media":646,"comment_status":"open","ping_status":"closed","template":"","meta":[],"product_brand":[],"product_cat":[31],"product_tag":[],"class_list":{"0":"post-645","1":"product","2":"type-product","3":"status-publish","4":"has-post-thumbnail","6":"product_cat-cd","8":"first","9":"instock","10":"shipping-taxable","11":"purchasable","12":"product-type-simple"},"_links":{"self":[{"href":"https:\/\/webshop.hitrecords.hr\/index.php?rest_route=\/wp\/v2\/product\/645","targetHints":{"allow":["GET"]}}],"collection":[{"href":"https:\/\/webshop.hitrecords.hr\/index.php?rest_route=\/wp\/v2\/product"}],"about":[{"href":"https:\/\/webshop.hitrecords.hr\/index.php?rest_route=\/wp\/v2\/types\/product"}],"replies":[{"embeddable":true,"href":"https:\/\/webshop.hitrecords.hr\/index.php?rest_route=%2Fwp%2Fv2%2Fcomments&post=645"}],"wp:featuredmedia":[{"embeddable":true,"href":"https:\/\/webshop.hitrecords.hr\/index.php?rest_route=\/wp\/v2\/media\/646"}],"wp:attachment":[{"href":"https:\/\/webshop.hitrecords.hr\/index.php?rest_route=%2Fwp%2Fv2%2Fmedia&parent=645"}],"wp:term":[{"taxonomy":"product_brand","embeddable":true,"href":"https:\/\/webshop.hitrecords.hr\/index.php?rest_route=%2Fwp%2Fv2%2Fproduct_brand&post=645"},{"taxonomy":"product_cat","embeddable":true,"href":"https:\/\/webshop.hitrecords.hr\/index.php?rest_route=%2Fwp%2Fv2%2Fproduct_cat&post=645"},{"taxonomy":"product_tag","embeddable":true,"href":"https:\/\/webshop.hitrecords.hr\/index.php?rest_route=%2Fwp%2Fv2%2Fproduct_tag&post=645"}],"curies":[{"name":"wp","href":"https:\/\/api.w.org\/{rel}","templated":true}]}}