{"id":649,"date":"2026-02-01T14:40:26","date_gmt":"2026-02-01T13:40:26","guid":{"rendered":"http:\/\/hitrecords.digesthub.com\/proizvod\/bolji-nego-ja\/"},"modified":"2026-02-01T14:40:26","modified_gmt":"2026-02-01T13:40:26","slug":"bolji-nego-ja","status":"publish","type":"product","link":"https:\/\/webshop.hitrecords.hr\/?product=bolji-nego-ja","title":{"rendered":"BOLJI NEGO JA"},"content":{"rendered":"<p>Popis pjesama:<br \/>\n1.\tBolji nego ja<br \/>\n2.\tNa kraju krajeva<br \/>\n3.\tBranit \u0107u te tijelom<br \/>\n4.\tGrle o\u010di<br \/>\n5.\tNe smijem te voljeti<br \/>\n6.\tLe\u0111a mi okre\u0107e\u0161<br \/>\n7.\tDosadilo ti<br \/>\n8.\tPro\u0161la si me<br \/>\n9.\tAmajlija<br \/>\n10.\tVolim te svejedno<br \/>\n11.\tMilijun<br \/>\n12.\tNe govori<\/p>\n","protected":false},"excerpt":{"rendered":"<p>Popis pjesama: 1. Bolji nego ja 2. Na kraju krajeva 3. Branit \u0107u te tijelom 4. Grle o\u010di 5. Ne smijem te voljeti 6. Le\u0111a mi okre\u0107e\u0161 7. Dosadilo ti 8. Pro\u0161la si me 9. Amajlija 10. Volim te svejedno 11. Milijun 12. Ne govori<\/p>\n","protected":false},"featured_media":651,"comment_status":"open","ping_status":"closed","template":"","meta":[],"product_brand":[],"product_cat":[31],"product_tag":[],"class_list":{"0":"post-649","1":"product","2":"type-product","3":"status-publish","4":"has-post-thumbnail","6":"product_cat-cd","8":"first","9":"instock","10":"shipping-taxable","11":"purchasable","12":"product-type-simple"},"_links":{"self":[{"href":"https:\/\/webshop.hitrecords.hr\/index.php?rest_route=\/wp\/v2\/product\/649","targetHints":{"allow":["GET"]}}],"collection":[{"href":"https:\/\/webshop.hitrecords.hr\/index.php?rest_route=\/wp\/v2\/product"}],"about":[{"href":"https:\/\/webshop.hitrecords.hr\/index.php?rest_route=\/wp\/v2\/types\/product"}],"replies":[{"embeddable":true,"href":"https:\/\/webshop.hitrecords.hr\/index.php?rest_route=%2Fwp%2Fv2%2Fcomments&post=649"}],"wp:featuredmedia":[{"embeddable":true,"href":"https:\/\/webshop.hitrecords.hr\/index.php?rest_route=\/wp\/v2\/media\/651"}],"wp:attachment":[{"href":"https:\/\/webshop.hitrecords.hr\/index.php?rest_route=%2Fwp%2Fv2%2Fmedia&parent=649"}],"wp:term":[{"taxonomy":"product_brand","embeddable":true,"href":"https:\/\/webshop.hitrecords.hr\/index.php?rest_route=%2Fwp%2Fv2%2Fproduct_brand&post=649"},{"taxonomy":"product_cat","embeddable":true,"href":"https:\/\/webshop.hitrecords.hr\/index.php?rest_route=%2Fwp%2Fv2%2Fproduct_cat&post=649"},{"taxonomy":"product_tag","embeddable":true,"href":"https:\/\/webshop.hitrecords.hr\/index.php?rest_route=%2Fwp%2Fv2%2Fproduct_tag&post=649"}],"curies":[{"name":"wp","href":"https:\/\/api.w.org\/{rel}","templated":true}]}}