{"id":652,"date":"2026-02-01T14:40:26","date_gmt":"2026-02-01T13:40:26","guid":{"rendered":"http:\/\/hitrecords.digesthub.com\/proizvod\/krevet-od-ruza\/"},"modified":"2026-02-01T14:40:26","modified_gmt":"2026-02-01T13:40:26","slug":"krevet-od-ruza","status":"publish","type":"product","link":"https:\/\/webshop.hitrecords.hr\/?product=krevet-od-ruza","title":{"rendered":"KREVET OD RU\u017dA"},"content":{"rendered":"<p>Popis pjesama:<br \/>\n1.\tDa me barem mrzi\u0161<br \/>\n2.\tKrevet od ru\u017ea<br \/>\n3.\tNatenane<br \/>\n4.\tJa prevaren<br \/>\n5.\tDvije vatre<br \/>\n6.\tNa\u0161a ljubav od svega je ja\u010da<br \/>\n7.\tNemogu ti re\u0107i vrati se<br \/>\n8.\tIdem bos<br \/>\n9.\t\u0160to su me usne lagale tvoje<br \/>\n10.\tPredaj se srce<br \/>\n11.\tNe gledaj me tako<br \/>\n12.\tHej, ljubavi stara<\/p>\n","protected":false},"excerpt":{"rendered":"<p>Popis pjesama: 1. Da me barem mrzi\u0161 2. Krevet od ru\u017ea 3. Natenane 4. Ja prevaren 5. Dvije vatre 6. Na\u0161a ljubav od svega je ja\u010da 7. Nemogu ti re\u0107i vrati se 8. Idem bos 9. \u0160to su me usne lagale tvoje 10. Predaj se srce 11. Ne gledaj me tako 12. Hej, ljubavi stara<\/p>\n","protected":false},"featured_media":653,"comment_status":"open","ping_status":"closed","template":"","meta":[],"product_brand":[],"product_cat":[31],"product_tag":[],"class_list":{"0":"post-652","1":"product","2":"type-product","3":"status-publish","4":"has-post-thumbnail","6":"product_cat-cd","8":"first","9":"instock","10":"shipping-taxable","11":"purchasable","12":"product-type-simple"},"_links":{"self":[{"href":"https:\/\/webshop.hitrecords.hr\/index.php?rest_route=\/wp\/v2\/product\/652","targetHints":{"allow":["GET"]}}],"collection":[{"href":"https:\/\/webshop.hitrecords.hr\/index.php?rest_route=\/wp\/v2\/product"}],"about":[{"href":"https:\/\/webshop.hitrecords.hr\/index.php?rest_route=\/wp\/v2\/types\/product"}],"replies":[{"embeddable":true,"href":"https:\/\/webshop.hitrecords.hr\/index.php?rest_route=%2Fwp%2Fv2%2Fcomments&post=652"}],"wp:featuredmedia":[{"embeddable":true,"href":"https:\/\/webshop.hitrecords.hr\/index.php?rest_route=\/wp\/v2\/media\/653"}],"wp:attachment":[{"href":"https:\/\/webshop.hitrecords.hr\/index.php?rest_route=%2Fwp%2Fv2%2Fmedia&parent=652"}],"wp:term":[{"taxonomy":"product_brand","embeddable":true,"href":"https:\/\/webshop.hitrecords.hr\/index.php?rest_route=%2Fwp%2Fv2%2Fproduct_brand&post=652"},{"taxonomy":"product_cat","embeddable":true,"href":"https:\/\/webshop.hitrecords.hr\/index.php?rest_route=%2Fwp%2Fv2%2Fproduct_cat&post=652"},{"taxonomy":"product_tag","embeddable":true,"href":"https:\/\/webshop.hitrecords.hr\/index.php?rest_route=%2Fwp%2Fv2%2Fproduct_tag&post=652"}],"curies":[{"name":"wp","href":"https:\/\/api.w.org\/{rel}","templated":true}]}}