{"id":654,"date":"2026-02-01T14:40:26","date_gmt":"2026-02-01T13:40:26","guid":{"rendered":"http:\/\/hitrecords.digesthub.com\/proizvod\/prokleta-ljubav\/"},"modified":"2026-02-01T14:40:26","modified_gmt":"2026-02-01T13:40:26","slug":"prokleta-ljubav","status":"publish","type":"product","link":"https:\/\/webshop.hitrecords.hr\/?product=prokleta-ljubav","title":{"rendered":"PROKLETA LJUBAV"},"content":{"rendered":"<p>Popis pjesama:<br \/>\n1.\tKad strasti nestane<br \/>\n2.\tProkleta ljubav<br \/>\n3.\tU\u0111i, u\u0111i<br \/>\n4.\tNemogu se smiriti<br \/>\n5.\tAko vara\u0161<br \/>\n6.\tTo vodu ne pije<br \/>\n7.\tNe\u0107u, ne\u0107u<br \/>\n8.\tAtmosfera<br \/>\n9.\tSpava ti se<br \/>\n10.\tOna ko da zna<\/p>\n","protected":false},"excerpt":{"rendered":"<p>Popis pjesama: 1. Kad strasti nestane 2. Prokleta ljubav 3. U\u0111i, u\u0111i 4. Nemogu se smiriti 5. Ako vara\u0161 6. To vodu ne pije 7. Ne\u0107u, ne\u0107u 8. Atmosfera 9. Spava ti se 10. Ona ko da zna<\/p>\n","protected":false},"featured_media":655,"comment_status":"open","ping_status":"closed","template":"","meta":[],"product_brand":[],"product_cat":[31],"product_tag":[],"class_list":{"0":"post-654","1":"product","2":"type-product","3":"status-publish","4":"has-post-thumbnail","6":"product_cat-cd","8":"first","9":"instock","10":"shipping-taxable","11":"purchasable","12":"product-type-simple"},"_links":{"self":[{"href":"https:\/\/webshop.hitrecords.hr\/index.php?rest_route=\/wp\/v2\/product\/654","targetHints":{"allow":["GET"]}}],"collection":[{"href":"https:\/\/webshop.hitrecords.hr\/index.php?rest_route=\/wp\/v2\/product"}],"about":[{"href":"https:\/\/webshop.hitrecords.hr\/index.php?rest_route=\/wp\/v2\/types\/product"}],"replies":[{"embeddable":true,"href":"https:\/\/webshop.hitrecords.hr\/index.php?rest_route=%2Fwp%2Fv2%2Fcomments&post=654"}],"wp:featuredmedia":[{"embeddable":true,"href":"https:\/\/webshop.hitrecords.hr\/index.php?rest_route=\/wp\/v2\/media\/655"}],"wp:attachment":[{"href":"https:\/\/webshop.hitrecords.hr\/index.php?rest_route=%2Fwp%2Fv2%2Fmedia&parent=654"}],"wp:term":[{"taxonomy":"product_brand","embeddable":true,"href":"https:\/\/webshop.hitrecords.hr\/index.php?rest_route=%2Fwp%2Fv2%2Fproduct_brand&post=654"},{"taxonomy":"product_cat","embeddable":true,"href":"https:\/\/webshop.hitrecords.hr\/index.php?rest_route=%2Fwp%2Fv2%2Fproduct_cat&post=654"},{"taxonomy":"product_tag","embeddable":true,"href":"https:\/\/webshop.hitrecords.hr\/index.php?rest_route=%2Fwp%2Fv2%2Fproduct_tag&post=654"}],"curies":[{"name":"wp","href":"https:\/\/api.w.org\/{rel}","templated":true}]}}