{"id":656,"date":"2026-02-01T14:40:27","date_gmt":"2026-02-01T13:40:27","guid":{"rendered":"http:\/\/hitrecords.digesthub.com\/proizvod\/na-pola-puta\/"},"modified":"2026-02-01T14:40:27","modified_gmt":"2026-02-01T13:40:27","slug":"na-pola-puta","status":"publish","type":"product","link":"https:\/\/webshop.hitrecords.hr\/?product=na-pola-puta","title":{"rendered":"NA POLA PUTA"},"content":{"rendered":"<p>Popis pjesama:<br \/>\n1.\tDa se na\u0111emo na pola puta<br \/>\n2.\tSamo da te ne sretnem<br \/>\n3.\tNje\u017ena i bezobrazna<br \/>\n4.\tGdje god bio<br \/>\n5.\tOn, pa niko<br \/>\n6.\t\u0160to ti sina nisam rodila<br \/>\n7.\tOtkad s tobom ne spavam<br \/>\n8.\tKad sam kod ku\u0107e<br \/>\n9.\tNaj, naj<br \/>\n10.\t\u0160to mogu jo\u0161 u\u010diniti za tebe<br \/>\n11.\tTu\u017ena sam ti majko<br \/>\n12.\tUkraden si<br \/>\n13.\t\u017divim, al ne u\u017eivam<\/p>\n","protected":false},"excerpt":{"rendered":"<p>Popis pjesama: 1. Da se na\u0111emo na pola puta 2. Samo da te ne sretnem 3. Nje\u017ena i bezobrazna 4. Gdje god bio 5. On, pa niko 6. \u0160to ti sina nisam rodila 7. Otkad s tobom ne spavam 8. Kad sam kod ku\u0107e 9. Naj, naj 10. \u0160to mogu jo\u0161 u\u010diniti za tebe 11. [&hellip;]<\/p>\n","protected":false},"featured_media":658,"comment_status":"open","ping_status":"closed","template":"","meta":[],"product_brand":[],"product_cat":[31],"product_tag":[],"class_list":{"0":"post-656","1":"product","2":"type-product","3":"status-publish","4":"has-post-thumbnail","6":"product_cat-cd","8":"first","9":"instock","10":"shipping-taxable","11":"purchasable","12":"product-type-simple"},"_links":{"self":[{"href":"https:\/\/webshop.hitrecords.hr\/index.php?rest_route=\/wp\/v2\/product\/656","targetHints":{"allow":["GET"]}}],"collection":[{"href":"https:\/\/webshop.hitrecords.hr\/index.php?rest_route=\/wp\/v2\/product"}],"about":[{"href":"https:\/\/webshop.hitrecords.hr\/index.php?rest_route=\/wp\/v2\/types\/product"}],"replies":[{"embeddable":true,"href":"https:\/\/webshop.hitrecords.hr\/index.php?rest_route=%2Fwp%2Fv2%2Fcomments&post=656"}],"wp:featuredmedia":[{"embeddable":true,"href":"https:\/\/webshop.hitrecords.hr\/index.php?rest_route=\/wp\/v2\/media\/658"}],"wp:attachment":[{"href":"https:\/\/webshop.hitrecords.hr\/index.php?rest_route=%2Fwp%2Fv2%2Fmedia&parent=656"}],"wp:term":[{"taxonomy":"product_brand","embeddable":true,"href":"https:\/\/webshop.hitrecords.hr\/index.php?rest_route=%2Fwp%2Fv2%2Fproduct_brand&post=656"},{"taxonomy":"product_cat","embeddable":true,"href":"https:\/\/webshop.hitrecords.hr\/index.php?rest_route=%2Fwp%2Fv2%2Fproduct_cat&post=656"},{"taxonomy":"product_tag","embeddable":true,"href":"https:\/\/webshop.hitrecords.hr\/index.php?rest_route=%2Fwp%2Fv2%2Fproduct_tag&post=656"}],"curies":[{"name":"wp","href":"https:\/\/api.w.org\/{rel}","templated":true}]}}