{"id":661,"date":"2026-02-01T14:40:27","date_gmt":"2026-02-01T13:40:27","guid":{"rendered":"http:\/\/hitrecords.digesthub.com\/proizvod\/sandiland\/"},"modified":"2026-02-01T14:40:27","modified_gmt":"2026-02-01T13:40:27","slug":"sandiland","status":"publish","type":"product","link":"https:\/\/webshop.hitrecords.hr\/?product=sandiland","title":{"rendered":"SANDILAND"},"content":{"rendered":"<p>Popis pjesama:<br \/>\n1.\tNemirna(biti lud)<br \/>\n2.\tMarija<br \/>\n3.\tKako \u0107u \u017eivjeti bez nje<br \/>\n4.\tTo si htjela<br \/>\n5.\tTamnica<br \/>\n6.\tMoja ru\u017ea<br \/>\n7.\tKad mi nije su\u0111eno<br \/>\n8.\tDovoljno dobar<br \/>\n9.\tJa neznam kako<br \/>\n10.\tStranac<br \/>\n11.\tSve je ona meni(remix)<br \/>\n12.\tBranka(remix)<\/p>\n","protected":false},"excerpt":{"rendered":"<p>Popis pjesama: 1. Nemirna(biti lud) 2. Marija 3. Kako \u0107u \u017eivjeti bez nje 4. To si htjela 5. Tamnica 6. Moja ru\u017ea 7. Kad mi nije su\u0111eno 8. Dovoljno dobar 9. Ja neznam kako 10. Stranac 11. Sve je ona meni(remix) 12. Branka(remix)<\/p>\n","protected":false},"featured_media":663,"comment_status":"open","ping_status":"closed","template":"","meta":[],"product_brand":[],"product_cat":[31],"product_tag":[],"class_list":{"0":"post-661","1":"product","2":"type-product","3":"status-publish","4":"has-post-thumbnail","6":"product_cat-cd","8":"first","9":"instock","10":"shipping-taxable","11":"purchasable","12":"product-type-simple"},"_links":{"self":[{"href":"https:\/\/webshop.hitrecords.hr\/index.php?rest_route=\/wp\/v2\/product\/661","targetHints":{"allow":["GET"]}}],"collection":[{"href":"https:\/\/webshop.hitrecords.hr\/index.php?rest_route=\/wp\/v2\/product"}],"about":[{"href":"https:\/\/webshop.hitrecords.hr\/index.php?rest_route=\/wp\/v2\/types\/product"}],"replies":[{"embeddable":true,"href":"https:\/\/webshop.hitrecords.hr\/index.php?rest_route=%2Fwp%2Fv2%2Fcomments&post=661"}],"wp:featuredmedia":[{"embeddable":true,"href":"https:\/\/webshop.hitrecords.hr\/index.php?rest_route=\/wp\/v2\/media\/663"}],"wp:attachment":[{"href":"https:\/\/webshop.hitrecords.hr\/index.php?rest_route=%2Fwp%2Fv2%2Fmedia&parent=661"}],"wp:term":[{"taxonomy":"product_brand","embeddable":true,"href":"https:\/\/webshop.hitrecords.hr\/index.php?rest_route=%2Fwp%2Fv2%2Fproduct_brand&post=661"},{"taxonomy":"product_cat","embeddable":true,"href":"https:\/\/webshop.hitrecords.hr\/index.php?rest_route=%2Fwp%2Fv2%2Fproduct_cat&post=661"},{"taxonomy":"product_tag","embeddable":true,"href":"https:\/\/webshop.hitrecords.hr\/index.php?rest_route=%2Fwp%2Fv2%2Fproduct_tag&post=661"}],"curies":[{"name":"wp","href":"https:\/\/api.w.org\/{rel}","templated":true}]}}