{"id":664,"date":"2026-02-01T14:40:27","date_gmt":"2026-02-01T13:40:27","guid":{"rendered":"http:\/\/hitrecords.digesthub.com\/proizvod\/ne-mogu-ti-to-oprostiti\/"},"modified":"2026-02-01T14:40:27","modified_gmt":"2026-02-01T13:40:27","slug":"ne-mogu-ti-to-oprostiti","status":"publish","type":"product","link":"https:\/\/webshop.hitrecords.hr\/?product=ne-mogu-ti-to-oprostiti","title":{"rendered":"NE MOGU TI TO OPROSTITI"},"content":{"rendered":"<p>Popis pjesama:<br \/>\n1.\tNe mogu ti to oprostiti<br \/>\n2.\tNeka, neka<br \/>\n3.\tLagala (Brzo lete godine)<br \/>\n4.\tPijanica ja sam postao<br \/>\n5.\tSvirajte, pjevajte<br \/>\n6.\tJedina<br \/>\n7.\tZora svi\u0107e<br \/>\n8.\tZbog tebe (umrijet \u0107u ja)<br \/>\n9.\tJesen je<br \/>\n10.\tNe izlazi\u0161 iz glave<br \/>\n11.\tDalmatinac kada ljubi<br \/>\n12.\tOstajen sam<\/p>\n","protected":false},"excerpt":{"rendered":"<p>Popis pjesama: 1. Ne mogu ti to oprostiti 2. Neka, neka 3. Lagala (Brzo lete godine) 4. Pijanica ja sam postao 5. Svirajte, pjevajte 6. Jedina 7. Zora svi\u0107e 8. Zbog tebe (umrijet \u0107u ja) 9. Jesen je 10. Ne izlazi\u0161 iz glave 11. Dalmatinac kada ljubi 12. Ostajen sam<\/p>\n","protected":false},"featured_media":666,"comment_status":"open","ping_status":"closed","template":"","meta":[],"product_brand":[],"product_cat":[31],"product_tag":[],"class_list":{"0":"post-664","1":"product","2":"type-product","3":"status-publish","4":"has-post-thumbnail","6":"product_cat-cd","8":"first","9":"instock","10":"shipping-taxable","11":"purchasable","12":"product-type-simple"},"_links":{"self":[{"href":"https:\/\/webshop.hitrecords.hr\/index.php?rest_route=\/wp\/v2\/product\/664","targetHints":{"allow":["GET"]}}],"collection":[{"href":"https:\/\/webshop.hitrecords.hr\/index.php?rest_route=\/wp\/v2\/product"}],"about":[{"href":"https:\/\/webshop.hitrecords.hr\/index.php?rest_route=\/wp\/v2\/types\/product"}],"replies":[{"embeddable":true,"href":"https:\/\/webshop.hitrecords.hr\/index.php?rest_route=%2Fwp%2Fv2%2Fcomments&post=664"}],"wp:featuredmedia":[{"embeddable":true,"href":"https:\/\/webshop.hitrecords.hr\/index.php?rest_route=\/wp\/v2\/media\/666"}],"wp:attachment":[{"href":"https:\/\/webshop.hitrecords.hr\/index.php?rest_route=%2Fwp%2Fv2%2Fmedia&parent=664"}],"wp:term":[{"taxonomy":"product_brand","embeddable":true,"href":"https:\/\/webshop.hitrecords.hr\/index.php?rest_route=%2Fwp%2Fv2%2Fproduct_brand&post=664"},{"taxonomy":"product_cat","embeddable":true,"href":"https:\/\/webshop.hitrecords.hr\/index.php?rest_route=%2Fwp%2Fv2%2Fproduct_cat&post=664"},{"taxonomy":"product_tag","embeddable":true,"href":"https:\/\/webshop.hitrecords.hr\/index.php?rest_route=%2Fwp%2Fv2%2Fproduct_tag&post=664"}],"curies":[{"name":"wp","href":"https:\/\/api.w.org\/{rel}","templated":true}]}}