{"id":684,"date":"2026-02-01T14:40:29","date_gmt":"2026-02-01T13:40:29","guid":{"rendered":"http:\/\/hitrecords.digesthub.com\/proizvod\/zlatko-2010\/"},"modified":"2026-02-01T14:40:29","modified_gmt":"2026-02-01T13:40:29","slug":"zlatko-2010","status":"publish","type":"product","link":"https:\/\/webshop.hitrecords.hr\/?product=zlatko-2010","title":{"rendered":"ZLATKO 2010."},"content":{"rendered":"<p>Popis pjesama:<br \/>\n1.\tSiromah sam, nije me sramota<br \/>\n2.\tZalud \u017eivim<br \/>\n3.\tStara moja<br \/>\n4.\tImam malo \u017eelja<br \/>\n5.\tDovi\u0111enja, dovi\u0111enja<br \/>\n6.\tDaj da se pije<br \/>\n7.\t\u017dena<br \/>\n8.\tKome trebam ja<br \/>\n9.\tSretno ti bilo<br \/>\n10.\tRanom zorom<br \/>\n11.\tDunjo mirisna<br \/>\n12.\tDosta mi je<br \/>\n13.\tPomo\u0107<br \/>\n14.\tFenomenalno<br \/>\n15.\tTrebam vremena<\/p>\n","protected":false},"excerpt":{"rendered":"<p>Popis pjesama: 1. Siromah sam, nije me sramota 2. Zalud \u017eivim 3. Stara moja 4. Imam malo \u017eelja 5. Dovi\u0111enja, dovi\u0111enja 6. Daj da se pije 7. \u017dena 8. Kome trebam ja 9. Sretno ti bilo 10. Ranom zorom 11. Dunjo mirisna 12. Dosta mi je 13. Pomo\u0107 14. Fenomenalno 15. Trebam vremena<\/p>\n","protected":false},"featured_media":686,"comment_status":"open","ping_status":"closed","template":"","meta":[],"product_brand":[],"product_cat":[31],"product_tag":[],"class_list":{"0":"post-684","1":"product","2":"type-product","3":"status-publish","4":"has-post-thumbnail","6":"product_cat-cd","8":"first","9":"instock","10":"shipping-taxable","11":"purchasable","12":"product-type-simple"},"_links":{"self":[{"href":"https:\/\/webshop.hitrecords.hr\/index.php?rest_route=\/wp\/v2\/product\/684","targetHints":{"allow":["GET"]}}],"collection":[{"href":"https:\/\/webshop.hitrecords.hr\/index.php?rest_route=\/wp\/v2\/product"}],"about":[{"href":"https:\/\/webshop.hitrecords.hr\/index.php?rest_route=\/wp\/v2\/types\/product"}],"replies":[{"embeddable":true,"href":"https:\/\/webshop.hitrecords.hr\/index.php?rest_route=%2Fwp%2Fv2%2Fcomments&post=684"}],"wp:featuredmedia":[{"embeddable":true,"href":"https:\/\/webshop.hitrecords.hr\/index.php?rest_route=\/wp\/v2\/media\/686"}],"wp:attachment":[{"href":"https:\/\/webshop.hitrecords.hr\/index.php?rest_route=%2Fwp%2Fv2%2Fmedia&parent=684"}],"wp:term":[{"taxonomy":"product_brand","embeddable":true,"href":"https:\/\/webshop.hitrecords.hr\/index.php?rest_route=%2Fwp%2Fv2%2Fproduct_brand&post=684"},{"taxonomy":"product_cat","embeddable":true,"href":"https:\/\/webshop.hitrecords.hr\/index.php?rest_route=%2Fwp%2Fv2%2Fproduct_cat&post=684"},{"taxonomy":"product_tag","embeddable":true,"href":"https:\/\/webshop.hitrecords.hr\/index.php?rest_route=%2Fwp%2Fv2%2Fproduct_tag&post=684"}],"curies":[{"name":"wp","href":"https:\/\/api.w.org\/{rel}","templated":true}]}}