{"id":703,"date":"2026-02-01T14:40:31","date_gmt":"2026-02-01T13:40:31","guid":{"rendered":"http:\/\/hitrecords.digesthub.com\/proizvod\/i-jopet-san-sija-tu-na-kamen-bili\/"},"modified":"2026-02-01T14:40:31","modified_gmt":"2026-02-01T13:40:31","slug":"i-jopet-san-sija-tu-na-kamen-bili","status":"publish","type":"product","link":"https:\/\/webshop.hitrecords.hr\/?product=i-jopet-san-sija-tu-na-kamen-bili","title":{"rendered":"I JOPET SAN SIJA TU NA KAMEN BILI"},"content":{"rendered":"<p>Popis pjesama:<br \/>\n1.\tCvit iz kamena<br \/>\n2.\tTako je moralo biti<br \/>\n3.\tZoran Jelenkovi\u0107<br \/>\n4.\tOna nije vi\u0161e tu<br \/>\n5.\tNe zanovitaj mala<br \/>\n6.\tLjubav na prvi pogled<br \/>\n7.\tU \u017earu lipote<br \/>\n8.\tNeidentificiran<br \/>\n9.\tRomansa<br \/>\n10.\tZoran Jelenkovi\u0107<br \/>\n11.\tZrno topline<br \/>\n12.\tGitara bez \u017eica<br \/>\n13.\tZoran Jelenkovi\u0107<br \/>\n14.\tVrijeme vra\u0107anja<br \/>\n15.\tUsamljen<br \/>\n16.\tMjesec je \u017eut<\/p>\n","protected":false},"excerpt":{"rendered":"<p>Popis pjesama: 1. Cvit iz kamena 2. Tako je moralo biti 3. Zoran Jelenkovi\u0107 4. Ona nije vi\u0161e tu 5. Ne zanovitaj mala 6. Ljubav na prvi pogled 7. U \u017earu lipote 8. Neidentificiran 9. Romansa 10. Zoran Jelenkovi\u0107 11. Zrno topline 12. Gitara bez \u017eica 13. Zoran Jelenkovi\u0107 14. Vrijeme vra\u0107anja 15. Usamljen 16. [&hellip;]<\/p>\n","protected":false},"featured_media":705,"comment_status":"open","ping_status":"closed","template":"","meta":[],"product_brand":[],"product_cat":[31],"product_tag":[],"class_list":{"0":"post-703","1":"product","2":"type-product","3":"status-publish","4":"has-post-thumbnail","6":"product_cat-cd","8":"first","9":"instock","10":"shipping-taxable","11":"purchasable","12":"product-type-simple"},"_links":{"self":[{"href":"https:\/\/webshop.hitrecords.hr\/index.php?rest_route=\/wp\/v2\/product\/703","targetHints":{"allow":["GET"]}}],"collection":[{"href":"https:\/\/webshop.hitrecords.hr\/index.php?rest_route=\/wp\/v2\/product"}],"about":[{"href":"https:\/\/webshop.hitrecords.hr\/index.php?rest_route=\/wp\/v2\/types\/product"}],"replies":[{"embeddable":true,"href":"https:\/\/webshop.hitrecords.hr\/index.php?rest_route=%2Fwp%2Fv2%2Fcomments&post=703"}],"wp:featuredmedia":[{"embeddable":true,"href":"https:\/\/webshop.hitrecords.hr\/index.php?rest_route=\/wp\/v2\/media\/705"}],"wp:attachment":[{"href":"https:\/\/webshop.hitrecords.hr\/index.php?rest_route=%2Fwp%2Fv2%2Fmedia&parent=703"}],"wp:term":[{"taxonomy":"product_brand","embeddable":true,"href":"https:\/\/webshop.hitrecords.hr\/index.php?rest_route=%2Fwp%2Fv2%2Fproduct_brand&post=703"},{"taxonomy":"product_cat","embeddable":true,"href":"https:\/\/webshop.hitrecords.hr\/index.php?rest_route=%2Fwp%2Fv2%2Fproduct_cat&post=703"},{"taxonomy":"product_tag","embeddable":true,"href":"https:\/\/webshop.hitrecords.hr\/index.php?rest_route=%2Fwp%2Fv2%2Fproduct_tag&post=703"}],"curies":[{"name":"wp","href":"https:\/\/api.w.org\/{rel}","templated":true}]}}