{"id":757,"date":"2026-02-01T14:40:37","date_gmt":"2026-02-01T13:40:37","guid":{"rendered":"http:\/\/hitrecords.digesthub.com\/proizvod\/kradljivica-srca\/"},"modified":"2026-02-01T14:40:37","modified_gmt":"2026-02-01T13:40:37","slug":"kradljivica-srca","status":"publish","type":"product","link":"https:\/\/webshop.hitrecords.hr\/?product=kradljivica-srca","title":{"rendered":"KRADLJIVICA SRCA"},"content":{"rendered":"<p>Popis pjesama:<br \/>\n1.\tKoka<br \/>\n2.\tKava<br \/>\n3.\tKradljivica srca<br \/>\n4.\tKoferu\u0161a<br \/>\n5.\tKvarna<br \/>\n6.\tKand\u017ee i pand\u017ee<br \/>\n7.\tSms<br \/>\n8.\tMali pas<\/p>\n","protected":false},"excerpt":{"rendered":"<p>Popis pjesama: 1. Koka 2. Kava 3. Kradljivica srca 4. Koferu\u0161a 5. Kvarna 6. Kand\u017ee i pand\u017ee 7. Sms 8. Mali pas<\/p>\n","protected":false},"featured_media":759,"comment_status":"open","ping_status":"closed","template":"","meta":[],"product_brand":[],"product_cat":[31],"product_tag":[],"class_list":{"0":"post-757","1":"product","2":"type-product","3":"status-publish","4":"has-post-thumbnail","6":"product_cat-cd","8":"first","9":"instock","10":"shipping-taxable","11":"purchasable","12":"product-type-simple"},"_links":{"self":[{"href":"https:\/\/webshop.hitrecords.hr\/index.php?rest_route=\/wp\/v2\/product\/757","targetHints":{"allow":["GET"]}}],"collection":[{"href":"https:\/\/webshop.hitrecords.hr\/index.php?rest_route=\/wp\/v2\/product"}],"about":[{"href":"https:\/\/webshop.hitrecords.hr\/index.php?rest_route=\/wp\/v2\/types\/product"}],"replies":[{"embeddable":true,"href":"https:\/\/webshop.hitrecords.hr\/index.php?rest_route=%2Fwp%2Fv2%2Fcomments&post=757"}],"wp:featuredmedia":[{"embeddable":true,"href":"https:\/\/webshop.hitrecords.hr\/index.php?rest_route=\/wp\/v2\/media\/759"}],"wp:attachment":[{"href":"https:\/\/webshop.hitrecords.hr\/index.php?rest_route=%2Fwp%2Fv2%2Fmedia&parent=757"}],"wp:term":[{"taxonomy":"product_brand","embeddable":true,"href":"https:\/\/webshop.hitrecords.hr\/index.php?rest_route=%2Fwp%2Fv2%2Fproduct_brand&post=757"},{"taxonomy":"product_cat","embeddable":true,"href":"https:\/\/webshop.hitrecords.hr\/index.php?rest_route=%2Fwp%2Fv2%2Fproduct_cat&post=757"},{"taxonomy":"product_tag","embeddable":true,"href":"https:\/\/webshop.hitrecords.hr\/index.php?rest_route=%2Fwp%2Fv2%2Fproduct_tag&post=757"}],"curies":[{"name":"wp","href":"https:\/\/api.w.org\/{rel}","templated":true}]}}