{"id":785,"date":"2026-02-01T14:40:40","date_gmt":"2026-02-01T13:40:40","guid":{"rendered":"http:\/\/hitrecords.digesthub.com\/proizvod\/jos-sam-uvijek-tvoj\/"},"modified":"2026-02-01T14:40:40","modified_gmt":"2026-02-01T13:40:40","slug":"jos-sam-uvijek-tvoj","status":"publish","type":"product","link":"https:\/\/webshop.hitrecords.hr\/?product=jos-sam-uvijek-tvoj","title":{"rendered":"JO\u0160 SAM UVIJEK TVOJ"},"content":{"rendered":"<p>Popis pjesama:<br \/>\n1.\tHitna ljubav<br \/>\n2.\tLako je tebi<br \/>\n3.\tJo\u0161 sam uvijek tvoj<br \/>\n4.\tKunem ti se<br \/>\n5.\tReci mi<br \/>\n6.\tNa rubu ljubavi<br \/>\n7.\tE, da barem ima\u0161 srce moje<br \/>\n8.\tVeterani ljubavi<br \/>\n9.\tGlave si me do\u0161la ti<br \/>\n10.\tRazlog<br \/>\n11.\tZbogom, dovi\u0111enja<br \/>\n12.\tProki\u0161njava mi srce<br \/>\n13.\tZa\u0161to no\u0107as<br \/>\n14.\tBo\u017ei\u0107 je tu<br \/>\n15.\tJa spremam kofer<\/p>\n","protected":false},"excerpt":{"rendered":"<p>Popis pjesama: 1. Hitna ljubav 2. Lako je tebi 3. Jo\u0161 sam uvijek tvoj 4. Kunem ti se 5. Reci mi 6. Na rubu ljubavi 7. E, da barem ima\u0161 srce moje 8. Veterani ljubavi 9. Glave si me do\u0161la ti 10. Razlog 11. Zbogom, dovi\u0111enja 12. Proki\u0161njava mi srce 13. Za\u0161to no\u0107as 14. Bo\u017ei\u0107 [&hellip;]<\/p>\n","protected":false},"featured_media":786,"comment_status":"open","ping_status":"closed","template":"","meta":[],"product_brand":[],"product_cat":[31],"product_tag":[],"class_list":{"0":"post-785","1":"product","2":"type-product","3":"status-publish","4":"has-post-thumbnail","6":"product_cat-cd","8":"first","9":"instock","10":"shipping-taxable","11":"purchasable","12":"product-type-simple"},"_links":{"self":[{"href":"https:\/\/webshop.hitrecords.hr\/index.php?rest_route=\/wp\/v2\/product\/785","targetHints":{"allow":["GET"]}}],"collection":[{"href":"https:\/\/webshop.hitrecords.hr\/index.php?rest_route=\/wp\/v2\/product"}],"about":[{"href":"https:\/\/webshop.hitrecords.hr\/index.php?rest_route=\/wp\/v2\/types\/product"}],"replies":[{"embeddable":true,"href":"https:\/\/webshop.hitrecords.hr\/index.php?rest_route=%2Fwp%2Fv2%2Fcomments&post=785"}],"wp:featuredmedia":[{"embeddable":true,"href":"https:\/\/webshop.hitrecords.hr\/index.php?rest_route=\/wp\/v2\/media\/786"}],"wp:attachment":[{"href":"https:\/\/webshop.hitrecords.hr\/index.php?rest_route=%2Fwp%2Fv2%2Fmedia&parent=785"}],"wp:term":[{"taxonomy":"product_brand","embeddable":true,"href":"https:\/\/webshop.hitrecords.hr\/index.php?rest_route=%2Fwp%2Fv2%2Fproduct_brand&post=785"},{"taxonomy":"product_cat","embeddable":true,"href":"https:\/\/webshop.hitrecords.hr\/index.php?rest_route=%2Fwp%2Fv2%2Fproduct_cat&post=785"},{"taxonomy":"product_tag","embeddable":true,"href":"https:\/\/webshop.hitrecords.hr\/index.php?rest_route=%2Fwp%2Fv2%2Fproduct_tag&post=785"}],"curies":[{"name":"wp","href":"https:\/\/api.w.org\/{rel}","templated":true}]}}