{"id":801,"date":"2026-02-01T14:40:41","date_gmt":"2026-02-01T13:40:41","guid":{"rendered":"http:\/\/hitrecords.digesthub.com\/proizvod\/kad-zapiva-dalmacija\/"},"modified":"2026-02-01T14:40:41","modified_gmt":"2026-02-01T13:40:41","slug":"kad-zapiva-dalmacija","status":"publish","type":"product","link":"https:\/\/webshop.hitrecords.hr\/?product=kad-zapiva-dalmacija","title":{"rendered":"KAD ZAPIVA DALMACIJA"},"content":{"rendered":"<p>Popis pjesama:<br \/>\n1.\tI sve dok di\u0161en<br \/>\n2.\tAko voli\u0161 me<br \/>\n3.\tMoje si more<br \/>\n4.\tZemlja i stina<br \/>\n5.\tMoj lipi an\u0111ele<br \/>\n6.\tBuntovnik s razlogom<br \/>\n7.\tSplite, volim te<br \/>\n8.\tDok padaju ki\u0161e<br \/>\n9.\tOdavno znam da je kraj<br \/>\n10.\tKad jednom zafalim se tilu<br \/>\n11.\tJo\u0161 te uvijek osje\u0107am u sebi<br \/>\n12.\tNi da mora nestane<br \/>\n13.\tKampanel moje ljubavi<br \/>\n14.\tJo\u0161 ne znam kud s tobom<br \/>\n15.\tKad bi se moga rodit<br \/>\n16.\tAj \u0107a, volim te<\/p>\n","protected":false},"excerpt":{"rendered":"<p>Popis pjesama: 1. I sve dok di\u0161en 2. Ako voli\u0161 me 3. Moje si more 4. Zemlja i stina 5. Moj lipi an\u0111ele 6. Buntovnik s razlogom 7. Splite, volim te 8. Dok padaju ki\u0161e 9. Odavno znam da je kraj 10. Kad jednom zafalim se tilu 11. Jo\u0161 te uvijek osje\u0107am u sebi 12. [&hellip;]<\/p>\n","protected":false},"featured_media":802,"comment_status":"open","ping_status":"closed","template":"","meta":[],"product_brand":[],"product_cat":[31],"product_tag":[],"class_list":{"0":"post-801","1":"product","2":"type-product","3":"status-publish","4":"has-post-thumbnail","6":"product_cat-cd","8":"first","9":"instock","10":"shipping-taxable","11":"purchasable","12":"product-type-simple"},"_links":{"self":[{"href":"https:\/\/webshop.hitrecords.hr\/index.php?rest_route=\/wp\/v2\/product\/801","targetHints":{"allow":["GET"]}}],"collection":[{"href":"https:\/\/webshop.hitrecords.hr\/index.php?rest_route=\/wp\/v2\/product"}],"about":[{"href":"https:\/\/webshop.hitrecords.hr\/index.php?rest_route=\/wp\/v2\/types\/product"}],"replies":[{"embeddable":true,"href":"https:\/\/webshop.hitrecords.hr\/index.php?rest_route=%2Fwp%2Fv2%2Fcomments&post=801"}],"wp:featuredmedia":[{"embeddable":true,"href":"https:\/\/webshop.hitrecords.hr\/index.php?rest_route=\/wp\/v2\/media\/802"}],"wp:attachment":[{"href":"https:\/\/webshop.hitrecords.hr\/index.php?rest_route=%2Fwp%2Fv2%2Fmedia&parent=801"}],"wp:term":[{"taxonomy":"product_brand","embeddable":true,"href":"https:\/\/webshop.hitrecords.hr\/index.php?rest_route=%2Fwp%2Fv2%2Fproduct_brand&post=801"},{"taxonomy":"product_cat","embeddable":true,"href":"https:\/\/webshop.hitrecords.hr\/index.php?rest_route=%2Fwp%2Fv2%2Fproduct_cat&post=801"},{"taxonomy":"product_tag","embeddable":true,"href":"https:\/\/webshop.hitrecords.hr\/index.php?rest_route=%2Fwp%2Fv2%2Fproduct_tag&post=801"}],"curies":[{"name":"wp","href":"https:\/\/api.w.org\/{rel}","templated":true}]}}