{"id":880,"date":"2026-02-01T14:40:50","date_gmt":"2026-02-01T13:40:50","guid":{"rendered":"http:\/\/hitrecords.digesthub.com\/proizvod\/reci-ces-mi-fala\/"},"modified":"2026-02-01T14:40:50","modified_gmt":"2026-02-01T13:40:50","slug":"reci-ces-mi-fala","status":"publish","type":"product","link":"https:\/\/webshop.hitrecords.hr\/?product=reci-ces-mi-fala","title":{"rendered":"RE\u0106I \u0106E\u0160 MI FALA"},"content":{"rendered":"<p>Popis pjesama: <\/p>\n<p>1.\tNe more vrime<br \/>\n2.\tPusti suzu moja roso rana<br \/>\n3.\tFali\u0161 mi<br \/>\n4.\tKad se svome domu vratin<br \/>\n5.\tRe\u0107i \u0107e\u0161 mi fala<br \/>\n6.\tSamo njoj \u0107u pivat<br \/>\n7.\t\u0160apnut \u0107u ti tajnu<br \/>\n8.\tPala si<br \/>\n9.\tBila si voljena<br \/>\n10.\tDa se stisne tilo<br \/>\n11.\tPusti suzu moja roso rana (instrumental)<\/p>\n","protected":false},"excerpt":{"rendered":"<p>Popis pjesama: 1. Ne more vrime 2. Pusti suzu moja roso rana 3. Fali\u0161 mi 4. Kad se svome domu vratin 5. Re\u0107i \u0107e\u0161 mi fala 6. Samo njoj \u0107u pivat 7. \u0160apnut \u0107u ti tajnu 8. Pala si 9. Bila si voljena 10. Da se stisne tilo 11. Pusti suzu moja roso rana (instrumental)<\/p>\n","protected":false},"featured_media":881,"comment_status":"open","ping_status":"closed","template":"","meta":[],"product_brand":[],"product_cat":[31],"product_tag":[],"class_list":{"0":"post-880","1":"product","2":"type-product","3":"status-publish","4":"has-post-thumbnail","6":"product_cat-cd","8":"first","9":"instock","10":"shipping-taxable","11":"purchasable","12":"product-type-simple"},"_links":{"self":[{"href":"https:\/\/webshop.hitrecords.hr\/index.php?rest_route=\/wp\/v2\/product\/880","targetHints":{"allow":["GET"]}}],"collection":[{"href":"https:\/\/webshop.hitrecords.hr\/index.php?rest_route=\/wp\/v2\/product"}],"about":[{"href":"https:\/\/webshop.hitrecords.hr\/index.php?rest_route=\/wp\/v2\/types\/product"}],"replies":[{"embeddable":true,"href":"https:\/\/webshop.hitrecords.hr\/index.php?rest_route=%2Fwp%2Fv2%2Fcomments&post=880"}],"wp:featuredmedia":[{"embeddable":true,"href":"https:\/\/webshop.hitrecords.hr\/index.php?rest_route=\/wp\/v2\/media\/881"}],"wp:attachment":[{"href":"https:\/\/webshop.hitrecords.hr\/index.php?rest_route=%2Fwp%2Fv2%2Fmedia&parent=880"}],"wp:term":[{"taxonomy":"product_brand","embeddable":true,"href":"https:\/\/webshop.hitrecords.hr\/index.php?rest_route=%2Fwp%2Fv2%2Fproduct_brand&post=880"},{"taxonomy":"product_cat","embeddable":true,"href":"https:\/\/webshop.hitrecords.hr\/index.php?rest_route=%2Fwp%2Fv2%2Fproduct_cat&post=880"},{"taxonomy":"product_tag","embeddable":true,"href":"https:\/\/webshop.hitrecords.hr\/index.php?rest_route=%2Fwp%2Fv2%2Fproduct_tag&post=880"}],"curies":[{"name":"wp","href":"https:\/\/api.w.org\/{rel}","templated":true}]}}