{"id":884,"date":"2026-02-01T14:40:51","date_gmt":"2026-02-01T13:40:51","guid":{"rendered":"http:\/\/hitrecords.digesthub.com\/proizvod\/live-spaladium-arena\/"},"modified":"2026-02-01T14:40:51","modified_gmt":"2026-02-01T13:40:51","slug":"live-spaladium-arena","status":"publish","type":"product","link":"https:\/\/webshop.hitrecords.hr\/?product=live-spaladium-arena","title":{"rendered":"LIVE SPALADIUM ARENA"},"content":{"rendered":"<p>Popis pjesama: <\/p>\n<p>CD1<br \/>\n1.\tMarija Magdalena<br \/>\n2.\t\u017deljo moja<br \/>\n3.\tKrivi ljudi<br \/>\n4.\tNi ri\u010di<br \/>\n5.\tBaklje ivanjske<br \/>\n6.\tGabrijel<br \/>\n7.\tNe\u0107u propast ja<br \/>\n8.\tSudnji dan<br \/>\n9.\tSimply the Best<br \/>\n10.\tJa vjerujem<br \/>\n11.\tZvir<br \/>\n12.\tJubavi ri\u010d<br \/>\n13.\tSvit ne more znat<br \/>\n14.\tDajem ti srce<br \/>\n15.\tMalo mi za sri\u0107u triba <\/p>\n<p>CD2<br \/>\n1.\tOvo je na\u0161a krv<br \/>\n2.\tZar je voljeti grijeh<br \/>\n3.\tLastavica<br \/>\n4.\tZemlja i stina<br \/>\n5.\tJedini ISRC<br \/>\n6.\tMilord<br \/>\n7.\tMore<br \/>\n8.\tDo\u0111i<br \/>\n9.\tTi<br \/>\n10.\t\u0160to je od mene ostalo<br \/>\n11.\t\u0160akom od stol<br \/>\n12.\tMoram\/Ja no\u0107as umirem\/To ? medley<br \/>\n13.\tTu\u017ena je no\u0107<br \/>\n14.\tSedam mora sedam gora<\/p>\n<p>DVD<br \/>\n1.\tMarija Magdalena<br \/>\n2.\t\u017deljo moja<br \/>\n3.\tKrivi ljudi<br \/>\n4.\tNi ri\u010di<br \/>\n5.\tBaklje ivanjske<br \/>\n6.\tGabrijel<br \/>\n7.\tNe\u0107u propast ja<br \/>\n8.\tSudnji dan<br \/>\n9.\tSimply the Best<br \/>\n10.\tJa vjerujem<br \/>\n11.\tZvir<br \/>\n12.\tJubavi ri\u010d<br \/>\n13.\tSvit ne more znat<br \/>\n14.\tDajem ti srce<br \/>\n15.\tMalo mi za sri\u0107u triba<br \/>\n16.\tOvo je na\u0161a krv<br \/>\n17.\tZar je voljeti grijeh<br \/>\n18.\tLastavica<br \/>\n19.\tZemlja i stina<br \/>\n20.\tJedini ISRC<br \/>\n21.\tMilord<br \/>\n22.\tMore<br \/>\n23.\tDo\u0111i<br \/>\n24.\tTi<br \/>\n25.\t\u0160to je od mene ostalo<br \/>\n26.\t\u0160akom od stol<br \/>\n27.\tMoram\/Ja no\u0107as umirem\/To ? medley<br \/>\n28.\tTu\u017ena je no\u0107<br \/>\n29.\tSedam mora sedam gora<\/p>\n","protected":false},"excerpt":{"rendered":"<p>Popis pjesama: CD1 1. Marija Magdalena 2. \u017deljo moja 3. Krivi ljudi 4. Ni ri\u010di 5. Baklje ivanjske 6. Gabrijel 7. Ne\u0107u propast ja 8. Sudnji dan 9. Simply the Best 10. Ja vjerujem 11. Zvir 12. Jubavi ri\u010d 13. Svit ne more znat 14. Dajem ti srce 15. Malo mi za sri\u0107u triba CD2 [&hellip;]<\/p>\n","protected":false},"featured_media":886,"comment_status":"open","ping_status":"closed","template":"","meta":[],"product_brand":[],"product_cat":[],"product_tag":[],"class_list":{"0":"post-884","1":"product","2":"type-product","3":"status-publish","4":"has-post-thumbnail","7":"first","8":"instock","9":"shipping-taxable","10":"purchasable","11":"product-type-simple"},"_links":{"self":[{"href":"https:\/\/webshop.hitrecords.hr\/index.php?rest_route=\/wp\/v2\/product\/884","targetHints":{"allow":["GET"]}}],"collection":[{"href":"https:\/\/webshop.hitrecords.hr\/index.php?rest_route=\/wp\/v2\/product"}],"about":[{"href":"https:\/\/webshop.hitrecords.hr\/index.php?rest_route=\/wp\/v2\/types\/product"}],"replies":[{"embeddable":true,"href":"https:\/\/webshop.hitrecords.hr\/index.php?rest_route=%2Fwp%2Fv2%2Fcomments&post=884"}],"wp:featuredmedia":[{"embeddable":true,"href":"https:\/\/webshop.hitrecords.hr\/index.php?rest_route=\/wp\/v2\/media\/886"}],"wp:attachment":[{"href":"https:\/\/webshop.hitrecords.hr\/index.php?rest_route=%2Fwp%2Fv2%2Fmedia&parent=884"}],"wp:term":[{"taxonomy":"product_brand","embeddable":true,"href":"https:\/\/webshop.hitrecords.hr\/index.php?rest_route=%2Fwp%2Fv2%2Fproduct_brand&post=884"},{"taxonomy":"product_cat","embeddable":true,"href":"https:\/\/webshop.hitrecords.hr\/index.php?rest_route=%2Fwp%2Fv2%2Fproduct_cat&post=884"},{"taxonomy":"product_tag","embeddable":true,"href":"https:\/\/webshop.hitrecords.hr\/index.php?rest_route=%2Fwp%2Fv2%2Fproduct_tag&post=884"}],"curies":[{"name":"wp","href":"https:\/\/api.w.org\/{rel}","templated":true}]}}