{"id":896,"date":"2026-02-01T14:40:52","date_gmt":"2026-02-01T13:40:52","guid":{"rendered":"http:\/\/hitrecords.digesthub.com\/proizvod\/cilim\/"},"modified":"2026-02-01T14:40:52","modified_gmt":"2026-02-01T13:40:52","slug":"cilim","status":"publish","type":"product","link":"https:\/\/webshop.hitrecords.hr\/?product=cilim","title":{"rendered":"\u0106ILIM"},"content":{"rendered":"<p>Popis pjesama:<br \/>\n1.\t\u0106ilim<br \/>\n2.\tJo\u0161 me pla\u0161i\u0161<br \/>\n3.\tSrijeda<br \/>\n4.\tStaromodan tip<br \/>\n5.\tSarajevo<br \/>\n6.\tNe tra\u017ei rije\u010d<br \/>\n7.\tZavoljeh te ludo<br \/>\n8.\tNema ljubavi<br \/>\n9.\t\u010cetiri vjetra<br \/>\n10.\tPrevi\u0161e si blizu<br \/>\n11.\tLastavica<\/p>\n","protected":false},"excerpt":{"rendered":"<p>Popis pjesama: 1. \u0106ilim 2. Jo\u0161 me pla\u0161i\u0161 3. Srijeda 4. Staromodan tip 5. Sarajevo 6. Ne tra\u017ei rije\u010d 7. Zavoljeh te ludo 8. Nema ljubavi 9. \u010cetiri vjetra 10. Previ\u0161e si blizu 11. Lastavica<\/p>\n","protected":false},"featured_media":897,"comment_status":"open","ping_status":"closed","template":"","meta":[],"product_brand":[],"product_cat":[31],"product_tag":[],"class_list":{"0":"post-896","1":"product","2":"type-product","3":"status-publish","4":"has-post-thumbnail","6":"product_cat-cd","8":"first","9":"instock","10":"shipping-taxable","11":"purchasable","12":"product-type-simple"},"_links":{"self":[{"href":"https:\/\/webshop.hitrecords.hr\/index.php?rest_route=\/wp\/v2\/product\/896","targetHints":{"allow":["GET"]}}],"collection":[{"href":"https:\/\/webshop.hitrecords.hr\/index.php?rest_route=\/wp\/v2\/product"}],"about":[{"href":"https:\/\/webshop.hitrecords.hr\/index.php?rest_route=\/wp\/v2\/types\/product"}],"replies":[{"embeddable":true,"href":"https:\/\/webshop.hitrecords.hr\/index.php?rest_route=%2Fwp%2Fv2%2Fcomments&post=896"}],"wp:featuredmedia":[{"embeddable":true,"href":"https:\/\/webshop.hitrecords.hr\/index.php?rest_route=\/wp\/v2\/media\/897"}],"wp:attachment":[{"href":"https:\/\/webshop.hitrecords.hr\/index.php?rest_route=%2Fwp%2Fv2%2Fmedia&parent=896"}],"wp:term":[{"taxonomy":"product_brand","embeddable":true,"href":"https:\/\/webshop.hitrecords.hr\/index.php?rest_route=%2Fwp%2Fv2%2Fproduct_brand&post=896"},{"taxonomy":"product_cat","embeddable":true,"href":"https:\/\/webshop.hitrecords.hr\/index.php?rest_route=%2Fwp%2Fv2%2Fproduct_cat&post=896"},{"taxonomy":"product_tag","embeddable":true,"href":"https:\/\/webshop.hitrecords.hr\/index.php?rest_route=%2Fwp%2Fv2%2Fproduct_tag&post=896"}],"curies":[{"name":"wp","href":"https:\/\/api.w.org\/{rel}","templated":true}]}}