{"id":901,"date":"2026-02-01T14:40:53","date_gmt":"2026-02-01T13:40:53","guid":{"rendered":"http:\/\/hitrecords.digesthub.com\/proizvod\/nema-bolje-3\/"},"modified":"2026-02-01T14:40:53","modified_gmt":"2026-02-01T13:40:53","slug":"nema-bolje-3","status":"publish","type":"product","link":"https:\/\/webshop.hitrecords.hr\/?product=nema-bolje-3","title":{"rendered":"NEMA BOLJE 3"},"content":{"rendered":"<p>Popis pjesama:<br \/>\n1.\t\u0160to ti dadoh<br \/>\n2.\tRemek Djelo<br \/>\n3.\tJubavi Ri\u010d<br \/>\n4.\tNe\u0107u Pre\u017ealiti<br \/>\n5.\tSve si moje<br \/>\n6.\tNe Diraj Moju Ljubav<br \/>\n7.\tTugo moja<br \/>\n8.\tKraljevi zabave<br \/>\n9.\tAko Je To \u0160to Vidim<br \/>\n10.\tSvadba<br \/>\n11.\tSamo Je Sava Znala Da Si Prava<br \/>\n12.\tProkleto I Sveto<br \/>\n13.\tAlkina Kafana<br \/>\n14.\tMi Smo Jedno Drugom Su\u0111eni<br \/>\n15.\tJa Sam Slab Na Tebe<br \/>\n16.\tNe \u017ealim<\/p>\n","protected":false},"excerpt":{"rendered":"<p>Popis pjesama: 1. \u0160to ti dadoh 2. Remek Djelo 3. Jubavi Ri\u010d 4. Ne\u0107u Pre\u017ealiti 5. Sve si moje 6. Ne Diraj Moju Ljubav 7. Tugo moja 8. Kraljevi zabave 9. Ako Je To \u0160to Vidim 10. Svadba 11. Samo Je Sava Znala Da Si Prava 12. Prokleto I Sveto 13. Alkina Kafana 14. Mi [&hellip;]<\/p>\n","protected":false},"featured_media":902,"comment_status":"open","ping_status":"closed","template":"","meta":[],"product_brand":[],"product_cat":[31],"product_tag":[],"class_list":{"0":"post-901","1":"product","2":"type-product","3":"status-publish","4":"has-post-thumbnail","6":"product_cat-cd","8":"first","9":"instock","10":"shipping-taxable","11":"purchasable","12":"product-type-simple"},"_links":{"self":[{"href":"https:\/\/webshop.hitrecords.hr\/index.php?rest_route=\/wp\/v2\/product\/901","targetHints":{"allow":["GET"]}}],"collection":[{"href":"https:\/\/webshop.hitrecords.hr\/index.php?rest_route=\/wp\/v2\/product"}],"about":[{"href":"https:\/\/webshop.hitrecords.hr\/index.php?rest_route=\/wp\/v2\/types\/product"}],"replies":[{"embeddable":true,"href":"https:\/\/webshop.hitrecords.hr\/index.php?rest_route=%2Fwp%2Fv2%2Fcomments&post=901"}],"wp:featuredmedia":[{"embeddable":true,"href":"https:\/\/webshop.hitrecords.hr\/index.php?rest_route=\/wp\/v2\/media\/902"}],"wp:attachment":[{"href":"https:\/\/webshop.hitrecords.hr\/index.php?rest_route=%2Fwp%2Fv2%2Fmedia&parent=901"}],"wp:term":[{"taxonomy":"product_brand","embeddable":true,"href":"https:\/\/webshop.hitrecords.hr\/index.php?rest_route=%2Fwp%2Fv2%2Fproduct_brand&post=901"},{"taxonomy":"product_cat","embeddable":true,"href":"https:\/\/webshop.hitrecords.hr\/index.php?rest_route=%2Fwp%2Fv2%2Fproduct_cat&post=901"},{"taxonomy":"product_tag","embeddable":true,"href":"https:\/\/webshop.hitrecords.hr\/index.php?rest_route=%2Fwp%2Fv2%2Fproduct_tag&post=901"}],"curies":[{"name":"wp","href":"https:\/\/api.w.org\/{rel}","templated":true}]}}