{"id":909,"date":"2026-02-01T14:40:54","date_gmt":"2026-02-01T13:40:54","guid":{"rendered":"http:\/\/hitrecords.digesthub.com\/proizvod\/uzivo\/"},"modified":"2026-02-01T14:40:54","modified_gmt":"2026-02-01T13:40:54","slug":"uzivo","status":"publish","type":"product","link":"https:\/\/webshop.hitrecords.hr\/?product=uzivo","title":{"rendered":"U\u017dIVO"},"content":{"rendered":"<p>Popis pjesama:<br \/>\n1.\tSveta zemlja Dalmacija<br \/>\n2.\tLud i zanesen<br \/>\n3.\tMore i ona<br \/>\n4.\tOceani ljubavi<br \/>\n5.\tGaleb<br \/>\n6.\tUlicama grada (Pjesma sre\u0107e)<br \/>\n7.\tLipa moja<br \/>\n8.\tHenjueke<br \/>\n9.\tProlje\u0107e<br \/>\n10.\tJugo<br \/>\n11.\tKampanel moje ljubavi<br \/>\n12.\tKad bi se moga rodit<br \/>\n13.\tAj \u0107a, volin te<br \/>\n14.\tAn\u0111ele moj<br \/>\n15.\tNi&#8217;ko se ne smije kao ti<br \/>\n16.\tMoja jube lipi cvite moj<br \/>\n17.\tMoja posljednja i prva ljubavi<\/p>\n","protected":false},"excerpt":{"rendered":"<p>Popis pjesama: 1. Sveta zemlja Dalmacija 2. Lud i zanesen 3. More i ona 4. Oceani ljubavi 5. Galeb 6. Ulicama grada (Pjesma sre\u0107e) 7. Lipa moja 8. Henjueke 9. Prolje\u0107e 10. Jugo 11. Kampanel moje ljubavi 12. Kad bi se moga rodit 13. Aj \u0107a, volin te 14. An\u0111ele moj 15. Ni&#8217;ko se ne [&hellip;]<\/p>\n","protected":false},"featured_media":910,"comment_status":"open","ping_status":"closed","template":"","meta":[],"product_brand":[],"product_cat":[31],"product_tag":[],"class_list":{"0":"post-909","1":"product","2":"type-product","3":"status-publish","4":"has-post-thumbnail","6":"product_cat-cd","8":"first","9":"instock","10":"shipping-taxable","11":"purchasable","12":"product-type-simple"},"_links":{"self":[{"href":"https:\/\/webshop.hitrecords.hr\/index.php?rest_route=\/wp\/v2\/product\/909","targetHints":{"allow":["GET"]}}],"collection":[{"href":"https:\/\/webshop.hitrecords.hr\/index.php?rest_route=\/wp\/v2\/product"}],"about":[{"href":"https:\/\/webshop.hitrecords.hr\/index.php?rest_route=\/wp\/v2\/types\/product"}],"replies":[{"embeddable":true,"href":"https:\/\/webshop.hitrecords.hr\/index.php?rest_route=%2Fwp%2Fv2%2Fcomments&post=909"}],"wp:featuredmedia":[{"embeddable":true,"href":"https:\/\/webshop.hitrecords.hr\/index.php?rest_route=\/wp\/v2\/media\/910"}],"wp:attachment":[{"href":"https:\/\/webshop.hitrecords.hr\/index.php?rest_route=%2Fwp%2Fv2%2Fmedia&parent=909"}],"wp:term":[{"taxonomy":"product_brand","embeddable":true,"href":"https:\/\/webshop.hitrecords.hr\/index.php?rest_route=%2Fwp%2Fv2%2Fproduct_brand&post=909"},{"taxonomy":"product_cat","embeddable":true,"href":"https:\/\/webshop.hitrecords.hr\/index.php?rest_route=%2Fwp%2Fv2%2Fproduct_cat&post=909"},{"taxonomy":"product_tag","embeddable":true,"href":"https:\/\/webshop.hitrecords.hr\/index.php?rest_route=%2Fwp%2Fv2%2Fproduct_tag&post=909"}],"curies":[{"name":"wp","href":"https:\/\/api.w.org\/{rel}","templated":true}]}}