{"id":911,"date":"2026-02-01T14:40:54","date_gmt":"2026-02-01T13:40:54","guid":{"rendered":"http:\/\/hitrecords.digesthub.com\/proizvod\/best-of\/"},"modified":"2026-02-01T14:40:54","modified_gmt":"2026-02-01T13:40:54","slug":"best-of","status":"publish","type":"product","link":"https:\/\/webshop.hitrecords.hr\/?product=best-of","title":{"rendered":"BEST OF"},"content":{"rendered":"<p>Popis pjesama:<br \/>\n1.\tPrvi poljubac<br \/>\n2.\tU meni jesen je<br \/>\n3.\tMiljacka<br \/>\n4.\tMalo je, malo dana<br \/>\n5.\tSviraj ne\u0161to narodno<br \/>\n6.\tPo\u017euri<br \/>\n7.\tStara ku\u0107a<br \/>\n8.\t\u010cardak<br \/>\n9.\tSnje\u017eana<br \/>\n10.\tDvadesete<br \/>\n11.\tLjubi\u010dica<br \/>\n12.\tLavanda<br \/>\n13.\tSvi\u0107e zora<br \/>\n14.\tRomanija<\/p>\n","protected":false},"excerpt":{"rendered":"<p>Popis pjesama: 1. Prvi poljubac 2. U meni jesen je 3. Miljacka 4. Malo je, malo dana 5. Sviraj ne\u0161to narodno 6. Po\u017euri 7. Stara ku\u0107a 8. \u010cardak 9. Snje\u017eana 10. Dvadesete 11. Ljubi\u010dica 12. Lavanda 13. Svi\u0107e zora 14. Romanija<\/p>\n","protected":false},"featured_media":912,"comment_status":"open","ping_status":"closed","template":"","meta":[],"product_brand":[],"product_cat":[31],"product_tag":[],"class_list":{"0":"post-911","1":"product","2":"type-product","3":"status-publish","4":"has-post-thumbnail","6":"product_cat-cd","8":"first","9":"instock","10":"shipping-taxable","11":"purchasable","12":"product-type-simple"},"_links":{"self":[{"href":"https:\/\/webshop.hitrecords.hr\/index.php?rest_route=\/wp\/v2\/product\/911","targetHints":{"allow":["GET"]}}],"collection":[{"href":"https:\/\/webshop.hitrecords.hr\/index.php?rest_route=\/wp\/v2\/product"}],"about":[{"href":"https:\/\/webshop.hitrecords.hr\/index.php?rest_route=\/wp\/v2\/types\/product"}],"replies":[{"embeddable":true,"href":"https:\/\/webshop.hitrecords.hr\/index.php?rest_route=%2Fwp%2Fv2%2Fcomments&post=911"}],"wp:featuredmedia":[{"embeddable":true,"href":"https:\/\/webshop.hitrecords.hr\/index.php?rest_route=\/wp\/v2\/media\/912"}],"wp:attachment":[{"href":"https:\/\/webshop.hitrecords.hr\/index.php?rest_route=%2Fwp%2Fv2%2Fmedia&parent=911"}],"wp:term":[{"taxonomy":"product_brand","embeddable":true,"href":"https:\/\/webshop.hitrecords.hr\/index.php?rest_route=%2Fwp%2Fv2%2Fproduct_brand&post=911"},{"taxonomy":"product_cat","embeddable":true,"href":"https:\/\/webshop.hitrecords.hr\/index.php?rest_route=%2Fwp%2Fv2%2Fproduct_cat&post=911"},{"taxonomy":"product_tag","embeddable":true,"href":"https:\/\/webshop.hitrecords.hr\/index.php?rest_route=%2Fwp%2Fv2%2Fproduct_tag&post=911"}],"curies":[{"name":"wp","href":"https:\/\/api.w.org\/{rel}","templated":true}]}}