{"id":913,"date":"2026-02-01T14:40:54","date_gmt":"2026-02-01T13:40:54","guid":{"rendered":"http:\/\/hitrecords.digesthub.com\/proizvod\/maska\/"},"modified":"2026-02-01T14:40:54","modified_gmt":"2026-02-01T13:40:54","slug":"maska","status":"publish","type":"product","link":"https:\/\/webshop.hitrecords.hr\/?product=maska","title":{"rendered":"Maska"},"content":{"rendered":"<p>Popis pjesama:<br \/>\n1.\tNepovratno zaljubljena<br \/>\n2.\tVolimo se sada<br \/>\n3.\tMaska<br \/>\n4.\tZa ljubav ja imam du\u0161u<br \/>\n5.\tDika mornar<br \/>\n6.\tLom<br \/>\n7.\tBe\u0107aru\u0161a<br \/>\n8.\tNa kraju na\u0161e ulice<br \/>\n9.\tBlago ima ko ljubavi ima<br \/>\n10.\tZnam da me ne voli\u0161<br \/>\n11.\tTvoje srce mi je mali stan<br \/>\n12.\t\u010cokolada<br \/>\n13.\tBo\u017ei\u0107 kroz pjesme i zvuke<br \/>\n14.\tNepovratno zaljubljena (Balkan mix)<br \/>\n15.\tTvoje srce mi je mali stan (Club mix)<\/p>\n","protected":false},"excerpt":{"rendered":"<p>Popis pjesama: 1. Nepovratno zaljubljena 2. Volimo se sada 3. Maska 4. Za ljubav ja imam du\u0161u 5. Dika mornar 6. Lom 7. Be\u0107aru\u0161a 8. Na kraju na\u0161e ulice 9. Blago ima ko ljubavi ima 10. Znam da me ne voli\u0161 11. Tvoje srce mi je mali stan 12. \u010cokolada 13. Bo\u017ei\u0107 kroz pjesme i [&hellip;]<\/p>\n","protected":false},"featured_media":915,"comment_status":"open","ping_status":"closed","template":"","meta":[],"product_brand":[],"product_cat":[31],"product_tag":[],"class_list":{"0":"post-913","1":"product","2":"type-product","3":"status-publish","4":"has-post-thumbnail","6":"product_cat-cd","8":"first","9":"instock","10":"shipping-taxable","11":"purchasable","12":"product-type-simple"},"_links":{"self":[{"href":"https:\/\/webshop.hitrecords.hr\/index.php?rest_route=\/wp\/v2\/product\/913","targetHints":{"allow":["GET"]}}],"collection":[{"href":"https:\/\/webshop.hitrecords.hr\/index.php?rest_route=\/wp\/v2\/product"}],"about":[{"href":"https:\/\/webshop.hitrecords.hr\/index.php?rest_route=\/wp\/v2\/types\/product"}],"replies":[{"embeddable":true,"href":"https:\/\/webshop.hitrecords.hr\/index.php?rest_route=%2Fwp%2Fv2%2Fcomments&post=913"}],"wp:featuredmedia":[{"embeddable":true,"href":"https:\/\/webshop.hitrecords.hr\/index.php?rest_route=\/wp\/v2\/media\/915"}],"wp:attachment":[{"href":"https:\/\/webshop.hitrecords.hr\/index.php?rest_route=%2Fwp%2Fv2%2Fmedia&parent=913"}],"wp:term":[{"taxonomy":"product_brand","embeddable":true,"href":"https:\/\/webshop.hitrecords.hr\/index.php?rest_route=%2Fwp%2Fv2%2Fproduct_brand&post=913"},{"taxonomy":"product_cat","embeddable":true,"href":"https:\/\/webshop.hitrecords.hr\/index.php?rest_route=%2Fwp%2Fv2%2Fproduct_cat&post=913"},{"taxonomy":"product_tag","embeddable":true,"href":"https:\/\/webshop.hitrecords.hr\/index.php?rest_route=%2Fwp%2Fv2%2Fproduct_tag&post=913"}],"curies":[{"name":"wp","href":"https:\/\/api.w.org\/{rel}","templated":true}]}}