{"id":918,"date":"2026-02-01T14:40:55","date_gmt":"2026-02-01T13:40:55","guid":{"rendered":"http:\/\/hitrecords.digesthub.com\/proizvod\/bozicne-pjesme\/"},"modified":"2026-02-01T14:40:55","modified_gmt":"2026-02-01T13:40:55","slug":"bozicne-pjesme","status":"publish","type":"product","link":"https:\/\/webshop.hitrecords.hr\/?product=bozicne-pjesme","title":{"rendered":"BO\u017dI\u0106NE PJESME"},"content":{"rendered":"<p>Popis pjesama:<br \/>\n1.\tKyrie Eleison<br \/>\n2.\tSvim na zemlji<br \/>\n3.\tU se vrime godi\u0161a<br \/>\n4.\tNarodi nam se<br \/>\n5.\tVeselje ti navje\u0161\u0107ujem<br \/>\n6.\tRadujte se narodi<br \/>\n7.\tDobra ve\u010der Bog da<br \/>\n8.\tKolenda iz sridnjeg sela na otoku \u0160olti<br \/>\n9.\tBijeli Bo\u017ei\u0107<br \/>\n10.\tTiha no\u0107<\/p>\n","protected":false},"excerpt":{"rendered":"<p>Popis pjesama: 1. Kyrie Eleison 2. Svim na zemlji 3. U se vrime godi\u0161a 4. Narodi nam se 5. Veselje ti navje\u0161\u0107ujem 6. Radujte se narodi 7. Dobra ve\u010der Bog da 8. Kolenda iz sridnjeg sela na otoku \u0160olti 9. Bijeli Bo\u017ei\u0107 10. Tiha no\u0107<\/p>\n","protected":false},"featured_media":919,"comment_status":"open","ping_status":"closed","template":"","meta":[],"product_brand":[],"product_cat":[31],"product_tag":[],"class_list":{"0":"post-918","1":"product","2":"type-product","3":"status-publish","4":"has-post-thumbnail","6":"product_cat-cd","8":"first","9":"instock","10":"shipping-taxable","11":"purchasable","12":"product-type-simple"},"_links":{"self":[{"href":"https:\/\/webshop.hitrecords.hr\/index.php?rest_route=\/wp\/v2\/product\/918","targetHints":{"allow":["GET"]}}],"collection":[{"href":"https:\/\/webshop.hitrecords.hr\/index.php?rest_route=\/wp\/v2\/product"}],"about":[{"href":"https:\/\/webshop.hitrecords.hr\/index.php?rest_route=\/wp\/v2\/types\/product"}],"replies":[{"embeddable":true,"href":"https:\/\/webshop.hitrecords.hr\/index.php?rest_route=%2Fwp%2Fv2%2Fcomments&post=918"}],"wp:featuredmedia":[{"embeddable":true,"href":"https:\/\/webshop.hitrecords.hr\/index.php?rest_route=\/wp\/v2\/media\/919"}],"wp:attachment":[{"href":"https:\/\/webshop.hitrecords.hr\/index.php?rest_route=%2Fwp%2Fv2%2Fmedia&parent=918"}],"wp:term":[{"taxonomy":"product_brand","embeddable":true,"href":"https:\/\/webshop.hitrecords.hr\/index.php?rest_route=%2Fwp%2Fv2%2Fproduct_brand&post=918"},{"taxonomy":"product_cat","embeddable":true,"href":"https:\/\/webshop.hitrecords.hr\/index.php?rest_route=%2Fwp%2Fv2%2Fproduct_cat&post=918"},{"taxonomy":"product_tag","embeddable":true,"href":"https:\/\/webshop.hitrecords.hr\/index.php?rest_route=%2Fwp%2Fv2%2Fproduct_tag&post=918"}],"curies":[{"name":"wp","href":"https:\/\/api.w.org\/{rel}","templated":true}]}}