{"id":920,"date":"2026-02-01T14:40:55","date_gmt":"2026-02-01T13:40:55","guid":{"rendered":"http:\/\/hitrecords.digesthub.com\/proizvod\/mega-hitovi\/"},"modified":"2026-02-01T14:40:55","modified_gmt":"2026-02-01T13:40:55","slug":"mega-hitovi","status":"publish","type":"product","link":"https:\/\/webshop.hitrecords.hr\/?product=mega-hitovi","title":{"rendered":"MEGA HITOVI"},"content":{"rendered":"<p>Popis pjesama:<br \/>\n1.\tDa ti k&#8217;o \u010dovjek oprostim &#8211; Hari Mata Hari<br \/>\n2.\tNema natrag &#8211; Jasmin Stavros &amp; U\u010diteljice<br \/>\n3.\tNe gledaj me tako &#8211; Sandi Cenov<br \/>\n4.\tSamo je Sava znala da si prava &#8211; Josip Joop<br \/>\n5.\tNo\u0107i u Brazilu &#8211; Neda Ukraden i U\u010diteljice<br \/>\n6.\tLako je tebi &#8211; Boris Novkovi\u0107<br \/>\n7.\tMoja jube, lipi cvite &#8211; Klapa Kampanel<br \/>\n8.\tEsma &#8211; Zdravko \u010coli\u0107<br \/>\n9.\tMelem &#8211; Kaliopi<br \/>\n10.\tDobro do\u0161la mi u sje\u0107anje &#8211; Baruni<br \/>\n11.\tNo\u0107 bez rije\u010di &#8211; Leo<br \/>\n12.\tSvi\u0107e zora &#8211; Halid Be\u0161li\u0107 Feat. Enis Be\u0161lagi\u0107 i klapa Sv. Nikola<br \/>\n13.\tDa te volim &#8211; Renato<br \/>\n14.\tAlkina kafana &#8211; Alka Vuica<br \/>\n15.\tGarava &#8211; Dyaco<\/p>\n","protected":false},"excerpt":{"rendered":"<p>Popis pjesama: 1. Da ti k&#8217;o \u010dovjek oprostim &#8211; Hari Mata Hari 2. Nema natrag &#8211; Jasmin Stavros &amp; U\u010diteljice 3. Ne gledaj me tako &#8211; Sandi Cenov 4. Samo je Sava znala da si prava &#8211; Josip Joop 5. No\u0107i u Brazilu &#8211; Neda Ukraden i U\u010diteljice 6. Lako je tebi &#8211; Boris Novkovi\u0107 [&hellip;]<\/p>\n","protected":false},"featured_media":921,"comment_status":"open","ping_status":"closed","template":"","meta":[],"product_brand":[],"product_cat":[31],"product_tag":[],"class_list":{"0":"post-920","1":"product","2":"type-product","3":"status-publish","4":"has-post-thumbnail","6":"product_cat-cd","8":"first","9":"instock","10":"shipping-taxable","11":"purchasable","12":"product-type-simple"},"_links":{"self":[{"href":"https:\/\/webshop.hitrecords.hr\/index.php?rest_route=\/wp\/v2\/product\/920","targetHints":{"allow":["GET"]}}],"collection":[{"href":"https:\/\/webshop.hitrecords.hr\/index.php?rest_route=\/wp\/v2\/product"}],"about":[{"href":"https:\/\/webshop.hitrecords.hr\/index.php?rest_route=\/wp\/v2\/types\/product"}],"replies":[{"embeddable":true,"href":"https:\/\/webshop.hitrecords.hr\/index.php?rest_route=%2Fwp%2Fv2%2Fcomments&post=920"}],"wp:featuredmedia":[{"embeddable":true,"href":"https:\/\/webshop.hitrecords.hr\/index.php?rest_route=\/wp\/v2\/media\/921"}],"wp:attachment":[{"href":"https:\/\/webshop.hitrecords.hr\/index.php?rest_route=%2Fwp%2Fv2%2Fmedia&parent=920"}],"wp:term":[{"taxonomy":"product_brand","embeddable":true,"href":"https:\/\/webshop.hitrecords.hr\/index.php?rest_route=%2Fwp%2Fv2%2Fproduct_brand&post=920"},{"taxonomy":"product_cat","embeddable":true,"href":"https:\/\/webshop.hitrecords.hr\/index.php?rest_route=%2Fwp%2Fv2%2Fproduct_cat&post=920"},{"taxonomy":"product_tag","embeddable":true,"href":"https:\/\/webshop.hitrecords.hr\/index.php?rest_route=%2Fwp%2Fv2%2Fproduct_tag&post=920"}],"curies":[{"name":"wp","href":"https:\/\/api.w.org\/{rel}","templated":true}]}}