{"id":922,"date":"2026-02-01T14:40:55","date_gmt":"2026-02-01T13:40:55","guid":{"rendered":"http:\/\/hitrecords.digesthub.com\/proizvod\/osmijeh-mi-daj\/"},"modified":"2026-02-01T14:40:55","modified_gmt":"2026-02-01T13:40:55","slug":"osmijeh-mi-daj","status":"publish","type":"product","link":"https:\/\/webshop.hitrecords.hr\/?product=osmijeh-mi-daj","title":{"rendered":"Osmijeh mi daj"},"content":{"rendered":"<p>Popis pjesama:<br \/>\n1.\tPozvat \u0107u te<br \/>\n2.\tKada me dotakne\u0161<br \/>\n3.\tOsmijeh mi daj<br \/>\n4.\tNa ovaj dan<br \/>\n5.\tJutro bez nje<br \/>\n6.\tGdje god da si sad<br \/>\n7.\tRadio<br \/>\n8.\tUvijek vjerni Hrvatskoj<br \/>\n9.\tSvi\u0111a mi se kada svira harmonika<br \/>\n10.\tNe\u0107e\u0161 biti sama<br \/>\n11.\tVi\u0161e nisam siguran<br \/>\n12.\tGdje god da si sad (Unplugged)<br \/>\n13.\tUvijek vjerni Hrvatskoj (Brazil version)<br \/>\n14.\tOsmijeh mi daj (DJ Jukebox remix)<br \/>\n15.\tRadio (DJ Freddy remix ? radio edit)<\/p>\n","protected":false},"excerpt":{"rendered":"<p>Popis pjesama: 1. Pozvat \u0107u te 2. Kada me dotakne\u0161 3. Osmijeh mi daj 4. Na ovaj dan 5. Jutro bez nje 6. Gdje god da si sad 7. Radio 8. Uvijek vjerni Hrvatskoj 9. Svi\u0111a mi se kada svira harmonika 10. Ne\u0107e\u0161 biti sama 11. Vi\u0161e nisam siguran 12. Gdje god da si sad [&hellip;]<\/p>\n","protected":false},"featured_media":924,"comment_status":"open","ping_status":"closed","template":"","meta":[],"product_brand":[],"product_cat":[31],"product_tag":[],"class_list":{"0":"post-922","1":"product","2":"type-product","3":"status-publish","4":"has-post-thumbnail","6":"product_cat-cd","8":"first","9":"instock","10":"shipping-taxable","11":"purchasable","12":"product-type-simple"},"_links":{"self":[{"href":"https:\/\/webshop.hitrecords.hr\/index.php?rest_route=\/wp\/v2\/product\/922","targetHints":{"allow":["GET"]}}],"collection":[{"href":"https:\/\/webshop.hitrecords.hr\/index.php?rest_route=\/wp\/v2\/product"}],"about":[{"href":"https:\/\/webshop.hitrecords.hr\/index.php?rest_route=\/wp\/v2\/types\/product"}],"replies":[{"embeddable":true,"href":"https:\/\/webshop.hitrecords.hr\/index.php?rest_route=%2Fwp%2Fv2%2Fcomments&post=922"}],"wp:featuredmedia":[{"embeddable":true,"href":"https:\/\/webshop.hitrecords.hr\/index.php?rest_route=\/wp\/v2\/media\/924"}],"wp:attachment":[{"href":"https:\/\/webshop.hitrecords.hr\/index.php?rest_route=%2Fwp%2Fv2%2Fmedia&parent=922"}],"wp:term":[{"taxonomy":"product_brand","embeddable":true,"href":"https:\/\/webshop.hitrecords.hr\/index.php?rest_route=%2Fwp%2Fv2%2Fproduct_brand&post=922"},{"taxonomy":"product_cat","embeddable":true,"href":"https:\/\/webshop.hitrecords.hr\/index.php?rest_route=%2Fwp%2Fv2%2Fproduct_cat&post=922"},{"taxonomy":"product_tag","embeddable":true,"href":"https:\/\/webshop.hitrecords.hr\/index.php?rest_route=%2Fwp%2Fv2%2Fproduct_tag&post=922"}],"curies":[{"name":"wp","href":"https:\/\/api.w.org\/{rel}","templated":true}]}}