{"id":925,"date":"2026-02-01T14:40:55","date_gmt":"2026-02-01T13:40:55","guid":{"rendered":"http:\/\/hitrecords.digesthub.com\/proizvod\/vatra-i-barut\/"},"modified":"2026-02-01T14:40:55","modified_gmt":"2026-02-01T13:40:55","slug":"vatra-i-barut","status":"publish","type":"product","link":"https:\/\/webshop.hitrecords.hr\/?product=vatra-i-barut","title":{"rendered":"VATRA I BARUT"},"content":{"rendered":"<p>Popis pjesama:<br \/>\n1.\tEsma<br \/>\n2.\tVatra i barut<br \/>\n3.\t\u0160to ti dadoh<br \/>\n4.\tSarajevo<br \/>\n5.\tLjubiti<br \/>\n6.\tOpu\u0161teno skroz<br \/>\n7.\t\u0160ok, \u0161ok<br \/>\n8.\tNe govori mi da me ne voli\u0161<br \/>\n9.\tSlavljeni\u010dka<br \/>\n10.\tZar se nismo shvatili<br \/>\n11.\tRio<br \/>\n12.\tSamo pri\u010daj<\/p>\n","protected":false},"excerpt":{"rendered":"<p>Popis pjesama: 1. Esma 2. Vatra i barut 3. \u0160to ti dadoh 4. Sarajevo 5. Ljubiti 6. Opu\u0161teno skroz 7. \u0160ok, \u0161ok 8. Ne govori mi da me ne voli\u0161 9. Slavljeni\u010dka 10. Zar se nismo shvatili 11. Rio 12. Samo pri\u010daj<\/p>\n","protected":false},"featured_media":926,"comment_status":"open","ping_status":"closed","template":"","meta":[],"product_brand":[],"product_cat":[31],"product_tag":[],"class_list":{"0":"post-925","1":"product","2":"type-product","3":"status-publish","4":"has-post-thumbnail","6":"product_cat-cd","8":"first","9":"instock","10":"shipping-taxable","11":"purchasable","12":"product-type-simple"},"_links":{"self":[{"href":"https:\/\/webshop.hitrecords.hr\/index.php?rest_route=\/wp\/v2\/product\/925","targetHints":{"allow":["GET"]}}],"collection":[{"href":"https:\/\/webshop.hitrecords.hr\/index.php?rest_route=\/wp\/v2\/product"}],"about":[{"href":"https:\/\/webshop.hitrecords.hr\/index.php?rest_route=\/wp\/v2\/types\/product"}],"replies":[{"embeddable":true,"href":"https:\/\/webshop.hitrecords.hr\/index.php?rest_route=%2Fwp%2Fv2%2Fcomments&post=925"}],"wp:featuredmedia":[{"embeddable":true,"href":"https:\/\/webshop.hitrecords.hr\/index.php?rest_route=\/wp\/v2\/media\/926"}],"wp:attachment":[{"href":"https:\/\/webshop.hitrecords.hr\/index.php?rest_route=%2Fwp%2Fv2%2Fmedia&parent=925"}],"wp:term":[{"taxonomy":"product_brand","embeddable":true,"href":"https:\/\/webshop.hitrecords.hr\/index.php?rest_route=%2Fwp%2Fv2%2Fproduct_brand&post=925"},{"taxonomy":"product_cat","embeddable":true,"href":"https:\/\/webshop.hitrecords.hr\/index.php?rest_route=%2Fwp%2Fv2%2Fproduct_cat&post=925"},{"taxonomy":"product_tag","embeddable":true,"href":"https:\/\/webshop.hitrecords.hr\/index.php?rest_route=%2Fwp%2Fv2%2Fproduct_tag&post=925"}],"curies":[{"name":"wp","href":"https:\/\/api.w.org\/{rel}","templated":true}]}}