{"id":927,"date":"2026-02-01T14:40:55","date_gmt":"2026-02-01T13:40:55","guid":{"rendered":"http:\/\/hitrecords.digesthub.com\/proizvod\/veliki-hitovi\/"},"modified":"2026-02-01T14:40:55","modified_gmt":"2026-02-01T13:40:55","slug":"veliki-hitovi","status":"publish","type":"product","link":"https:\/\/webshop.hitrecords.hr\/?product=veliki-hitovi","title":{"rendered":"VELIKI HITOVI"},"content":{"rendered":"<p>Popis pjesama:<br \/>\n1.\tSedam godina<br \/>\n2.\tSvatovi<br \/>\n3.\tPokidat \u0107u lance sve<br \/>\n4.\tTvoje o\u010di zelene<br \/>\n5.\tZora<br \/>\n6.\tIza\u0111i tugo<br \/>\n7.\tCrni an\u0111eo<br \/>\n8.\tNikada vi\u0161e<br \/>\n9.\tVolio bih da te vidim sretnu<br \/>\n10.\tNe pitaj me<br \/>\n11.\tNjenu pjesmu svirajte<br \/>\n12.\tI za sto godina<\/p>\n","protected":false},"excerpt":{"rendered":"<p>Popis pjesama: 1. Sedam godina 2. Svatovi 3. Pokidat \u0107u lance sve 4. Tvoje o\u010di zelene 5. Zora 6. Iza\u0111i tugo 7. Crni an\u0111eo 8. Nikada vi\u0161e 9. Volio bih da te vidim sretnu 10. Ne pitaj me 11. Njenu pjesmu svirajte 12. I za sto godina<\/p>\n","protected":false},"featured_media":928,"comment_status":"open","ping_status":"closed","template":"","meta":[],"product_brand":[],"product_cat":[31],"product_tag":[],"class_list":{"0":"post-927","1":"product","2":"type-product","3":"status-publish","4":"has-post-thumbnail","6":"product_cat-cd","8":"first","9":"instock","10":"shipping-taxable","11":"purchasable","12":"product-type-simple"},"_links":{"self":[{"href":"https:\/\/webshop.hitrecords.hr\/index.php?rest_route=\/wp\/v2\/product\/927","targetHints":{"allow":["GET"]}}],"collection":[{"href":"https:\/\/webshop.hitrecords.hr\/index.php?rest_route=\/wp\/v2\/product"}],"about":[{"href":"https:\/\/webshop.hitrecords.hr\/index.php?rest_route=\/wp\/v2\/types\/product"}],"replies":[{"embeddable":true,"href":"https:\/\/webshop.hitrecords.hr\/index.php?rest_route=%2Fwp%2Fv2%2Fcomments&post=927"}],"wp:featuredmedia":[{"embeddable":true,"href":"https:\/\/webshop.hitrecords.hr\/index.php?rest_route=\/wp\/v2\/media\/928"}],"wp:attachment":[{"href":"https:\/\/webshop.hitrecords.hr\/index.php?rest_route=%2Fwp%2Fv2%2Fmedia&parent=927"}],"wp:term":[{"taxonomy":"product_brand","embeddable":true,"href":"https:\/\/webshop.hitrecords.hr\/index.php?rest_route=%2Fwp%2Fv2%2Fproduct_brand&post=927"},{"taxonomy":"product_cat","embeddable":true,"href":"https:\/\/webshop.hitrecords.hr\/index.php?rest_route=%2Fwp%2Fv2%2Fproduct_cat&post=927"},{"taxonomy":"product_tag","embeddable":true,"href":"https:\/\/webshop.hitrecords.hr\/index.php?rest_route=%2Fwp%2Fv2%2Fproduct_tag&post=927"}],"curies":[{"name":"wp","href":"https:\/\/api.w.org\/{rel}","templated":true}]}}