{"id":929,"date":"2026-02-01T14:40:56","date_gmt":"2026-02-01T13:40:56","guid":{"rendered":"http:\/\/hitrecords.digesthub.com\/proizvod\/siroma\/"},"modified":"2026-02-01T14:40:56","modified_gmt":"2026-02-01T13:40:56","slug":"siroma","status":"publish","type":"product","link":"https:\/\/webshop.hitrecords.hr\/?product=siroma","title":{"rendered":"SIROMA"},"content":{"rendered":"<p>Popis pjesama:<br \/>\n1.\tLipe cvatu<br \/>\n2.\tDal&#8217; se nekad sjeti\u0161 mene<br \/>\n3.\tJedna \u017eena usamljena<br \/>\n4.\tTekla rijeka duboka<br \/>\n5.\tNe pitaj za mene<br \/>\n6.\tDo\u0111i, do\u0111i (Bolestan sam)<br \/>\n7.\tJanje moje<br \/>\n8.\tVaram se<br \/>\n9.\tSiroma<br \/>\n10.\tBo\u017ei\u0107i prolaze<br \/>\n11.\tStaro dru\u0161tvo<br \/>\n12.\tImao sam<br \/>\n13.\tEj, sudbino<br \/>\n14.\tEj, da \u017eivota imam dva<\/p>\n","protected":false},"excerpt":{"rendered":"<p>Popis pjesama: 1. Lipe cvatu 2. Dal&#8217; se nekad sjeti\u0161 mene 3. Jedna \u017eena usamljena 4. Tekla rijeka duboka 5. Ne pitaj za mene 6. Do\u0111i, do\u0111i (Bolestan sam) 7. Janje moje 8. Varam se 9. Siroma 10. Bo\u017ei\u0107i prolaze 11. Staro dru\u0161tvo 12. Imao sam 13. Ej, sudbino 14. Ej, da \u017eivota imam dva<\/p>\n","protected":false},"featured_media":931,"comment_status":"open","ping_status":"closed","template":"","meta":[],"product_brand":[],"product_cat":[31],"product_tag":[],"class_list":{"0":"post-929","1":"product","2":"type-product","3":"status-publish","4":"has-post-thumbnail","6":"product_cat-cd","8":"first","9":"instock","10":"shipping-taxable","11":"purchasable","12":"product-type-simple"},"_links":{"self":[{"href":"https:\/\/webshop.hitrecords.hr\/index.php?rest_route=\/wp\/v2\/product\/929","targetHints":{"allow":["GET"]}}],"collection":[{"href":"https:\/\/webshop.hitrecords.hr\/index.php?rest_route=\/wp\/v2\/product"}],"about":[{"href":"https:\/\/webshop.hitrecords.hr\/index.php?rest_route=\/wp\/v2\/types\/product"}],"replies":[{"embeddable":true,"href":"https:\/\/webshop.hitrecords.hr\/index.php?rest_route=%2Fwp%2Fv2%2Fcomments&post=929"}],"wp:featuredmedia":[{"embeddable":true,"href":"https:\/\/webshop.hitrecords.hr\/index.php?rest_route=\/wp\/v2\/media\/931"}],"wp:attachment":[{"href":"https:\/\/webshop.hitrecords.hr\/index.php?rest_route=%2Fwp%2Fv2%2Fmedia&parent=929"}],"wp:term":[{"taxonomy":"product_brand","embeddable":true,"href":"https:\/\/webshop.hitrecords.hr\/index.php?rest_route=%2Fwp%2Fv2%2Fproduct_brand&post=929"},{"taxonomy":"product_cat","embeddable":true,"href":"https:\/\/webshop.hitrecords.hr\/index.php?rest_route=%2Fwp%2Fv2%2Fproduct_cat&post=929"},{"taxonomy":"product_tag","embeddable":true,"href":"https:\/\/webshop.hitrecords.hr\/index.php?rest_route=%2Fwp%2Fv2%2Fproduct_tag&post=929"}],"curies":[{"name":"wp","href":"https:\/\/api.w.org\/{rel}","templated":true}]}}