{"id":942,"date":"2026-02-01T14:40:57","date_gmt":"2026-02-01T13:40:57","guid":{"rendered":"http:\/\/hitrecords.digesthub.com\/proizvod\/biti-svoja\/"},"modified":"2026-02-01T14:40:57","modified_gmt":"2026-02-01T13:40:57","slug":"biti-svoja","status":"publish","type":"product","link":"https:\/\/webshop.hitrecords.hr\/?product=biti-svoja","title":{"rendered":"BITI SVOJA"},"content":{"rendered":"<p>Popis pjesama:<br \/>\n1.\tNajbolji klub u gradu<br \/>\n2.\tNa Balkanu<br \/>\n3.\tPao snijeg po dunjama<br \/>\n4.\tKoliko tuga ko\u0161ta<br \/>\n5.\tNije ti dobro(Girls night)<br \/>\n6.\tBilo pa pro\u0161lo<br \/>\n7.\tIzvini<br \/>\n8.\tDrugi slu\u010daj<br \/>\n9.\tSlobodni smo kao ptice<br \/>\n10.\tTetova\u017ea<\/p>\n","protected":false},"excerpt":{"rendered":"<p>Popis pjesama: 1. Najbolji klub u gradu 2. Na Balkanu 3. Pao snijeg po dunjama 4. Koliko tuga ko\u0161ta 5. Nije ti dobro(Girls night) 6. Bilo pa pro\u0161lo 7. Izvini 8. Drugi slu\u010daj 9. Slobodni smo kao ptice 10. Tetova\u017ea<\/p>\n","protected":false},"featured_media":943,"comment_status":"open","ping_status":"closed","template":"","meta":[],"product_brand":[],"product_cat":[31],"product_tag":[],"class_list":{"0":"post-942","1":"product","2":"type-product","3":"status-publish","4":"has-post-thumbnail","6":"product_cat-cd","8":"first","9":"instock","10":"shipping-taxable","11":"purchasable","12":"product-type-simple"},"_links":{"self":[{"href":"https:\/\/webshop.hitrecords.hr\/index.php?rest_route=\/wp\/v2\/product\/942","targetHints":{"allow":["GET"]}}],"collection":[{"href":"https:\/\/webshop.hitrecords.hr\/index.php?rest_route=\/wp\/v2\/product"}],"about":[{"href":"https:\/\/webshop.hitrecords.hr\/index.php?rest_route=\/wp\/v2\/types\/product"}],"replies":[{"embeddable":true,"href":"https:\/\/webshop.hitrecords.hr\/index.php?rest_route=%2Fwp%2Fv2%2Fcomments&post=942"}],"wp:featuredmedia":[{"embeddable":true,"href":"https:\/\/webshop.hitrecords.hr\/index.php?rest_route=\/wp\/v2\/media\/943"}],"wp:attachment":[{"href":"https:\/\/webshop.hitrecords.hr\/index.php?rest_route=%2Fwp%2Fv2%2Fmedia&parent=942"}],"wp:term":[{"taxonomy":"product_brand","embeddable":true,"href":"https:\/\/webshop.hitrecords.hr\/index.php?rest_route=%2Fwp%2Fv2%2Fproduct_brand&post=942"},{"taxonomy":"product_cat","embeddable":true,"href":"https:\/\/webshop.hitrecords.hr\/index.php?rest_route=%2Fwp%2Fv2%2Fproduct_cat&post=942"},{"taxonomy":"product_tag","embeddable":true,"href":"https:\/\/webshop.hitrecords.hr\/index.php?rest_route=%2Fwp%2Fv2%2Fproduct_tag&post=942"}],"curies":[{"name":"wp","href":"https:\/\/api.w.org\/{rel}","templated":true}]}}