{"id":946,"date":"2026-02-01T14:40:57","date_gmt":"2026-02-01T13:40:57","guid":{"rendered":"http:\/\/hitrecords.digesthub.com\/proizvod\/to-je-to\/"},"modified":"2026-02-01T14:40:57","modified_gmt":"2026-02-01T13:40:57","slug":"to-je-to","status":"publish","type":"product","link":"https:\/\/webshop.hitrecords.hr\/?product=to-je-to","title":{"rendered":"TO JE TO"},"content":{"rendered":"<p>Popis pjesama:<br \/>\n1.\tTo je to<br \/>\n2.\tZa nas ljude izgubljene<br \/>\n3.\tJelo, Jelena<br \/>\n4.\tStolje\u0107a ne mijenjaju ljude<br \/>\n5.\tVe\u010dera s doru\u010dkom<br \/>\n6.\tJa nisam tu<br \/>\n7.\tDa mogu biti njen<br \/>\n8.\t\u010covjek bez imena<br \/>\n9.\tGotovo je s nama<br \/>\n10.\tI staro i novo<br \/>\n11.\tJelo, Jelena (unplugged verzija)<\/p>\n","protected":false},"excerpt":{"rendered":"<p>Popis pjesama: 1. To je to 2. Za nas ljude izgubljene 3. Jelo, Jelena 4. Stolje\u0107a ne mijenjaju ljude 5. Ve\u010dera s doru\u010dkom 6. Ja nisam tu 7. Da mogu biti njen 8. \u010covjek bez imena 9. Gotovo je s nama 10. I staro i novo 11. Jelo, Jelena (unplugged verzija)<\/p>\n","protected":false},"featured_media":947,"comment_status":"open","ping_status":"closed","template":"","meta":[],"product_brand":[],"product_cat":[31],"product_tag":[],"class_list":{"0":"post-946","1":"product","2":"type-product","3":"status-publish","4":"has-post-thumbnail","6":"product_cat-cd","8":"first","9":"instock","10":"shipping-taxable","11":"purchasable","12":"product-type-simple"},"_links":{"self":[{"href":"https:\/\/webshop.hitrecords.hr\/index.php?rest_route=\/wp\/v2\/product\/946","targetHints":{"allow":["GET"]}}],"collection":[{"href":"https:\/\/webshop.hitrecords.hr\/index.php?rest_route=\/wp\/v2\/product"}],"about":[{"href":"https:\/\/webshop.hitrecords.hr\/index.php?rest_route=\/wp\/v2\/types\/product"}],"replies":[{"embeddable":true,"href":"https:\/\/webshop.hitrecords.hr\/index.php?rest_route=%2Fwp%2Fv2%2Fcomments&post=946"}],"wp:featuredmedia":[{"embeddable":true,"href":"https:\/\/webshop.hitrecords.hr\/index.php?rest_route=\/wp\/v2\/media\/947"}],"wp:attachment":[{"href":"https:\/\/webshop.hitrecords.hr\/index.php?rest_route=%2Fwp%2Fv2%2Fmedia&parent=946"}],"wp:term":[{"taxonomy":"product_brand","embeddable":true,"href":"https:\/\/webshop.hitrecords.hr\/index.php?rest_route=%2Fwp%2Fv2%2Fproduct_brand&post=946"},{"taxonomy":"product_cat","embeddable":true,"href":"https:\/\/webshop.hitrecords.hr\/index.php?rest_route=%2Fwp%2Fv2%2Fproduct_cat&post=946"},{"taxonomy":"product_tag","embeddable":true,"href":"https:\/\/webshop.hitrecords.hr\/index.php?rest_route=%2Fwp%2Fv2%2Fproduct_tag&post=946"}],"curies":[{"name":"wp","href":"https:\/\/api.w.org\/{rel}","templated":true}]}}