{"id":962,"date":"2026-02-01T14:40:58","date_gmt":"2026-02-01T13:40:58","guid":{"rendered":"http:\/\/hitrecords.digesthub.com\/proizvod\/bizuterija\/"},"modified":"2026-02-01T14:40:58","modified_gmt":"2026-02-01T13:40:58","slug":"bizuterija","status":"publish","type":"product","link":"https:\/\/webshop.hitrecords.hr\/?product=bizuterija","title":{"rendered":"BI\u017dUTERIJA"},"content":{"rendered":"<p>Popis pjesama:<br \/>\n1.\tKarantena<br \/>\n2.\tGrizem<br \/>\n3.\tSad il nikad<br \/>\n4.\tBi\u017euterija<br \/>\n5.\tOna ili ja<br \/>\n6.\tIma nade<br \/>\n7.\tRodit \u0107u ti \u0107er i sina<br \/>\n8.\tDaj \u0161ta da\u0161(razbija\u010di \u010da\u0161a)<br \/>\n9.\tSvega ima, al bi jo\u0161<br \/>\n10.\tDjevica<br \/>\n11.\tO\u017eiljak<br \/>\n12.\tOstavit \u0107u svitlo<br \/>\n13.\tSad il nikad(club version)<br \/>\n14.\tAha(prvi javni nastup)<\/p>\n","protected":false},"excerpt":{"rendered":"<p>Popis pjesama: 1. Karantena 2. Grizem 3. Sad il nikad 4. Bi\u017euterija 5. Ona ili ja 6. Ima nade 7. Rodit \u0107u ti \u0107er i sina 8. Daj \u0161ta da\u0161(razbija\u010di \u010da\u0161a) 9. Svega ima, al bi jo\u0161 10. Djevica 11. O\u017eiljak 12. Ostavit \u0107u svitlo 13. Sad il nikad(club version) 14. Aha(prvi javni nastup)<\/p>\n","protected":false},"featured_media":964,"comment_status":"open","ping_status":"closed","template":"","meta":[],"product_brand":[],"product_cat":[31],"product_tag":[],"class_list":{"0":"post-962","1":"product","2":"type-product","3":"status-publish","4":"has-post-thumbnail","6":"product_cat-cd","8":"first","9":"instock","10":"shipping-taxable","11":"purchasable","12":"product-type-simple"},"_links":{"self":[{"href":"https:\/\/webshop.hitrecords.hr\/index.php?rest_route=\/wp\/v2\/product\/962","targetHints":{"allow":["GET"]}}],"collection":[{"href":"https:\/\/webshop.hitrecords.hr\/index.php?rest_route=\/wp\/v2\/product"}],"about":[{"href":"https:\/\/webshop.hitrecords.hr\/index.php?rest_route=\/wp\/v2\/types\/product"}],"replies":[{"embeddable":true,"href":"https:\/\/webshop.hitrecords.hr\/index.php?rest_route=%2Fwp%2Fv2%2Fcomments&post=962"}],"wp:featuredmedia":[{"embeddable":true,"href":"https:\/\/webshop.hitrecords.hr\/index.php?rest_route=\/wp\/v2\/media\/964"}],"wp:attachment":[{"href":"https:\/\/webshop.hitrecords.hr\/index.php?rest_route=%2Fwp%2Fv2%2Fmedia&parent=962"}],"wp:term":[{"taxonomy":"product_brand","embeddable":true,"href":"https:\/\/webshop.hitrecords.hr\/index.php?rest_route=%2Fwp%2Fv2%2Fproduct_brand&post=962"},{"taxonomy":"product_cat","embeddable":true,"href":"https:\/\/webshop.hitrecords.hr\/index.php?rest_route=%2Fwp%2Fv2%2Fproduct_cat&post=962"},{"taxonomy":"product_tag","embeddable":true,"href":"https:\/\/webshop.hitrecords.hr\/index.php?rest_route=%2Fwp%2Fv2%2Fproduct_tag&post=962"}],"curies":[{"name":"wp","href":"https:\/\/api.w.org\/{rel}","templated":true}]}}