{"id":965,"date":"2026-02-01T14:40:59","date_gmt":"2026-02-01T13:40:59","guid":{"rendered":"http:\/\/hitrecords.digesthub.com\/proizvod\/glavnom-ulicom\/"},"modified":"2026-02-01T14:40:59","modified_gmt":"2026-02-01T13:40:59","slug":"glavnom-ulicom","status":"publish","type":"product","link":"https:\/\/webshop.hitrecords.hr\/?product=glavnom-ulicom","title":{"rendered":"GLAVNOM ULICOM"},"content":{"rendered":"<p>Popis pjesama:<br \/>\n1.\tGlavnom ulicom<br \/>\n2.\tKao prije<br \/>\n3.\tHajde ka\u017ei po\u0161teno<br \/>\n4.\tTreba\u0161 mi<br \/>\n5.\tNe zovi<br \/>\n6.\tNo\u0107as mi se ho\u0107e<br \/>\n7.\tMa ajde(gledaj stvari mojim o\u010dima)<br \/>\n8.\tNe ostavljaj me samog<br \/>\n9.\tZaple\u0161i sa mnom ovu no\u0107<br \/>\n10.\tKa\u017ei mi<br \/>\n11.\tNata\u0161a<br \/>\n12.\tA ja bih sa vragom<\/p>\n","protected":false},"excerpt":{"rendered":"<p>Popis pjesama: 1. Glavnom ulicom 2. Kao prije 3. Hajde ka\u017ei po\u0161teno 4. Treba\u0161 mi 5. Ne zovi 6. No\u0107as mi se ho\u0107e 7. Ma ajde(gledaj stvari mojim o\u010dima) 8. Ne ostavljaj me samog 9. Zaple\u0161i sa mnom ovu no\u0107 10. Ka\u017ei mi 11. Nata\u0161a 12. A ja bih sa vragom<\/p>\n","protected":false},"featured_media":967,"comment_status":"open","ping_status":"closed","template":"","meta":[],"product_brand":[],"product_cat":[31],"product_tag":[],"class_list":{"0":"post-965","1":"product","2":"type-product","3":"status-publish","4":"has-post-thumbnail","6":"product_cat-cd","8":"first","9":"instock","10":"shipping-taxable","11":"purchasable","12":"product-type-simple"},"_links":{"self":[{"href":"https:\/\/webshop.hitrecords.hr\/index.php?rest_route=\/wp\/v2\/product\/965","targetHints":{"allow":["GET"]}}],"collection":[{"href":"https:\/\/webshop.hitrecords.hr\/index.php?rest_route=\/wp\/v2\/product"}],"about":[{"href":"https:\/\/webshop.hitrecords.hr\/index.php?rest_route=\/wp\/v2\/types\/product"}],"replies":[{"embeddable":true,"href":"https:\/\/webshop.hitrecords.hr\/index.php?rest_route=%2Fwp%2Fv2%2Fcomments&post=965"}],"wp:featuredmedia":[{"embeddable":true,"href":"https:\/\/webshop.hitrecords.hr\/index.php?rest_route=\/wp\/v2\/media\/967"}],"wp:attachment":[{"href":"https:\/\/webshop.hitrecords.hr\/index.php?rest_route=%2Fwp%2Fv2%2Fmedia&parent=965"}],"wp:term":[{"taxonomy":"product_brand","embeddable":true,"href":"https:\/\/webshop.hitrecords.hr\/index.php?rest_route=%2Fwp%2Fv2%2Fproduct_brand&post=965"},{"taxonomy":"product_cat","embeddable":true,"href":"https:\/\/webshop.hitrecords.hr\/index.php?rest_route=%2Fwp%2Fv2%2Fproduct_cat&post=965"},{"taxonomy":"product_tag","embeddable":true,"href":"https:\/\/webshop.hitrecords.hr\/index.php?rest_route=%2Fwp%2Fv2%2Fproduct_tag&post=965"}],"curies":[{"name":"wp","href":"https:\/\/api.w.org\/{rel}","templated":true}]}}