{"id":968,"date":"2026-02-01T14:40:59","date_gmt":"2026-02-01T13:40:59","guid":{"rendered":"http:\/\/hitrecords.digesthub.com\/proizvod\/sad-te-ostavljam\/"},"modified":"2026-02-01T14:40:59","modified_gmt":"2026-02-01T13:40:59","slug":"sad-te-ostavljam","status":"publish","type":"product","link":"https:\/\/webshop.hitrecords.hr\/?product=sad-te-ostavljam","title":{"rendered":"SAD TE OSTAVLJAM"},"content":{"rendered":"<p>Popis pjesama:<br \/>\n1.\tSad te ostavljam<br \/>\n2.\tTe tvoje o\u010di<br \/>\n3.\tSrce zauvijek ti pripada<br \/>\n4.\tCipele<br \/>\n5.\tSve \u0161to \u017eelim jesi ti<br \/>\n6.\tJo\u0161 da me voli\u0161<br \/>\n7.\tKu\u0107i mi se ne ide<br \/>\n8.\tTu\u0111a si<br \/>\n9.\t\u0160to sam ti bio ja<br \/>\n10.\tU o\u010di \u0161to me ne gleda\u0161<br \/>\n11.\tSad te ostavljam(remix club version)<\/p>\n","protected":false},"excerpt":{"rendered":"<p>Popis pjesama: 1. Sad te ostavljam 2. Te tvoje o\u010di 3. Srce zauvijek ti pripada 4. Cipele 5. Sve \u0161to \u017eelim jesi ti 6. Jo\u0161 da me voli\u0161 7. Ku\u0107i mi se ne ide 8. Tu\u0111a si 9. \u0160to sam ti bio ja 10. U o\u010di \u0161to me ne gleda\u0161 11. Sad te ostavljam(remix club [&hellip;]<\/p>\n","protected":false},"featured_media":970,"comment_status":"open","ping_status":"closed","template":"","meta":[],"product_brand":[],"product_cat":[31],"product_tag":[],"class_list":{"0":"post-968","1":"product","2":"type-product","3":"status-publish","4":"has-post-thumbnail","6":"product_cat-cd","8":"first","9":"instock","10":"shipping-taxable","11":"purchasable","12":"product-type-simple"},"_links":{"self":[{"href":"https:\/\/webshop.hitrecords.hr\/index.php?rest_route=\/wp\/v2\/product\/968","targetHints":{"allow":["GET"]}}],"collection":[{"href":"https:\/\/webshop.hitrecords.hr\/index.php?rest_route=\/wp\/v2\/product"}],"about":[{"href":"https:\/\/webshop.hitrecords.hr\/index.php?rest_route=\/wp\/v2\/types\/product"}],"replies":[{"embeddable":true,"href":"https:\/\/webshop.hitrecords.hr\/index.php?rest_route=%2Fwp%2Fv2%2Fcomments&post=968"}],"wp:featuredmedia":[{"embeddable":true,"href":"https:\/\/webshop.hitrecords.hr\/index.php?rest_route=\/wp\/v2\/media\/970"}],"wp:attachment":[{"href":"https:\/\/webshop.hitrecords.hr\/index.php?rest_route=%2Fwp%2Fv2%2Fmedia&parent=968"}],"wp:term":[{"taxonomy":"product_brand","embeddable":true,"href":"https:\/\/webshop.hitrecords.hr\/index.php?rest_route=%2Fwp%2Fv2%2Fproduct_brand&post=968"},{"taxonomy":"product_cat","embeddable":true,"href":"https:\/\/webshop.hitrecords.hr\/index.php?rest_route=%2Fwp%2Fv2%2Fproduct_cat&post=968"},{"taxonomy":"product_tag","embeddable":true,"href":"https:\/\/webshop.hitrecords.hr\/index.php?rest_route=%2Fwp%2Fv2%2Fproduct_tag&post=968"}],"curies":[{"name":"wp","href":"https:\/\/api.w.org\/{rel}","templated":true}]}}