{"id":971,"date":"2026-02-01T14:40:59","date_gmt":"2026-02-01T13:40:59","guid":{"rendered":"http:\/\/hitrecords.digesthub.com\/proizvod\/s-ljubavlju\/"},"modified":"2026-02-01T14:40:59","modified_gmt":"2026-02-01T13:40:59","slug":"s-ljubavlju","status":"publish","type":"product","link":"https:\/\/webshop.hitrecords.hr\/?product=s-ljubavlju","title":{"rendered":"S LJUBAVLJU"},"content":{"rendered":"<p>Popis pjesama:<br \/>\n1.\tNe mogu ti re\u0107i \u0161to je tuga &#8211; Hari Mata Hari &amp; Nina Badri\u0107<br \/>\n2.\tKad \u017eena zavoli &#8211; Toni Cetinski<br \/>\n3.\t\u0160to mi je trebalo to &#8211; E.T.<br \/>\n4.\tNe \u017ealim &#8211; \u017deljko Samard\u017ei\u0107<br \/>\n5.\tJedina &#8211; To\u0161e Proeski<br \/>\n6.\tJo\u0161 i danas teku suze jedne \u017eene &#8211; Mi\u0161o Kova\u010d<br \/>\n7.\tDvadesete &#8211; Halid Be\u0161li\u0107<br \/>\n8.\tKemija &#8211; Magazin<br \/>\n9.\tSpremna sam &#8211; Vesna Pisarovi\u0107<br \/>\n10.\tNisam ti ja bilo tko &#8211; Neda Ukraden<br \/>\n11.\tVolim biti zaljubljena &#8211; Lana<br \/>\n12.\tSvejedno &#8211; Bojan Marovi\u0107<br \/>\n13.\tGdje mi ljubav spava &#8211; Armin<br \/>\n14.\tKao nekad &#8211; Baruni<br \/>\n15.\tDa me bar zamrzi\u0161 &#8211; Leo<br \/>\n16.\tBranka &#8211; Sandi Cenov<\/p>\n","protected":false},"excerpt":{"rendered":"<p>Popis pjesama: 1. Ne mogu ti re\u0107i \u0161to je tuga &#8211; Hari Mata Hari &amp; Nina Badri\u0107 2. Kad \u017eena zavoli &#8211; Toni Cetinski 3. \u0160to mi je trebalo to &#8211; E.T. 4. Ne \u017ealim &#8211; \u017deljko Samard\u017ei\u0107 5. Jedina &#8211; To\u0161e Proeski 6. Jo\u0161 i danas teku suze jedne \u017eene &#8211; Mi\u0161o Kova\u010d 7. [&hellip;]<\/p>\n","protected":false},"featured_media":972,"comment_status":"open","ping_status":"closed","template":"","meta":[],"product_brand":[],"product_cat":[31],"product_tag":[],"class_list":{"0":"post-971","1":"product","2":"type-product","3":"status-publish","4":"has-post-thumbnail","6":"product_cat-cd","8":"first","9":"instock","10":"shipping-taxable","11":"purchasable","12":"product-type-simple"},"_links":{"self":[{"href":"https:\/\/webshop.hitrecords.hr\/index.php?rest_route=\/wp\/v2\/product\/971","targetHints":{"allow":["GET"]}}],"collection":[{"href":"https:\/\/webshop.hitrecords.hr\/index.php?rest_route=\/wp\/v2\/product"}],"about":[{"href":"https:\/\/webshop.hitrecords.hr\/index.php?rest_route=\/wp\/v2\/types\/product"}],"replies":[{"embeddable":true,"href":"https:\/\/webshop.hitrecords.hr\/index.php?rest_route=%2Fwp%2Fv2%2Fcomments&post=971"}],"wp:featuredmedia":[{"embeddable":true,"href":"https:\/\/webshop.hitrecords.hr\/index.php?rest_route=\/wp\/v2\/media\/972"}],"wp:attachment":[{"href":"https:\/\/webshop.hitrecords.hr\/index.php?rest_route=%2Fwp%2Fv2%2Fmedia&parent=971"}],"wp:term":[{"taxonomy":"product_brand","embeddable":true,"href":"https:\/\/webshop.hitrecords.hr\/index.php?rest_route=%2Fwp%2Fv2%2Fproduct_brand&post=971"},{"taxonomy":"product_cat","embeddable":true,"href":"https:\/\/webshop.hitrecords.hr\/index.php?rest_route=%2Fwp%2Fv2%2Fproduct_cat&post=971"},{"taxonomy":"product_tag","embeddable":true,"href":"https:\/\/webshop.hitrecords.hr\/index.php?rest_route=%2Fwp%2Fv2%2Fproduct_tag&post=971"}],"curies":[{"name":"wp","href":"https:\/\/api.w.org\/{rel}","templated":true}]}}