{"id":973,"date":"2026-02-01T14:40:59","date_gmt":"2026-02-01T13:40:59","guid":{"rendered":"http:\/\/hitrecords.digesthub.com\/proizvod\/the-best-of-2-2\/"},"modified":"2026-02-01T14:40:59","modified_gmt":"2026-02-01T13:40:59","slug":"the-best-of-2-2","status":"publish","type":"product","link":"https:\/\/webshop.hitrecords.hr\/?product=the-best-of-2-2","title":{"rendered":"THE BEST OF 2"},"content":{"rendered":"<p>Popis pjesama:<br \/>\n1.\tIgra bez granica<br \/>\n2.\tSrce nije kamen<br \/>\n3.\tJo\u0161 uvijek sanjam da smo zajedno<br \/>\n4.\tVe\u017ei me za sebe<br \/>\n5.\tSre\u0107o ne krivi me<br \/>\n6.\tUbija\u0161 me usnama<br \/>\n7.\tNajljep\u0161e moje<br \/>\n8.\tLo\u0161e ti stoji<br \/>\n9.\tNesanica<br \/>\n10.\tOstala si uvijek ista<br \/>\n11.\tMala<br \/>\n12.\tKad srce plati stari dug<br \/>\n13.\tZvezdo severnice<br \/>\n14.\t\u017dao mi je<br \/>\n15.\tZa ovoj svet<br \/>\n16.\tKale\u0161 bre An\u0111o<br \/>\n17.\tSo maki sum se rodil<\/p>\n","protected":false},"excerpt":{"rendered":"<p>Popis pjesama: 1. Igra bez granica 2. Srce nije kamen 3. Jo\u0161 uvijek sanjam da smo zajedno 4. Ve\u017ei me za sebe 5. Sre\u0107o ne krivi me 6. Ubija\u0161 me usnama 7. Najljep\u0161e moje 8. Lo\u0161e ti stoji 9. Nesanica 10. Ostala si uvijek ista 11. Mala 12. Kad srce plati stari dug 13. Zvezdo [&hellip;]<\/p>\n","protected":false},"featured_media":974,"comment_status":"open","ping_status":"closed","template":"","meta":[],"product_brand":[],"product_cat":[31],"product_tag":[],"class_list":{"0":"post-973","1":"product","2":"type-product","3":"status-publish","4":"has-post-thumbnail","6":"product_cat-cd","8":"first","9":"instock","10":"shipping-taxable","11":"purchasable","12":"product-type-simple"},"_links":{"self":[{"href":"https:\/\/webshop.hitrecords.hr\/index.php?rest_route=\/wp\/v2\/product\/973","targetHints":{"allow":["GET"]}}],"collection":[{"href":"https:\/\/webshop.hitrecords.hr\/index.php?rest_route=\/wp\/v2\/product"}],"about":[{"href":"https:\/\/webshop.hitrecords.hr\/index.php?rest_route=\/wp\/v2\/types\/product"}],"replies":[{"embeddable":true,"href":"https:\/\/webshop.hitrecords.hr\/index.php?rest_route=%2Fwp%2Fv2%2Fcomments&post=973"}],"wp:featuredmedia":[{"embeddable":true,"href":"https:\/\/webshop.hitrecords.hr\/index.php?rest_route=\/wp\/v2\/media\/974"}],"wp:attachment":[{"href":"https:\/\/webshop.hitrecords.hr\/index.php?rest_route=%2Fwp%2Fv2%2Fmedia&parent=973"}],"wp:term":[{"taxonomy":"product_brand","embeddable":true,"href":"https:\/\/webshop.hitrecords.hr\/index.php?rest_route=%2Fwp%2Fv2%2Fproduct_brand&post=973"},{"taxonomy":"product_cat","embeddable":true,"href":"https:\/\/webshop.hitrecords.hr\/index.php?rest_route=%2Fwp%2Fv2%2Fproduct_cat&post=973"},{"taxonomy":"product_tag","embeddable":true,"href":"https:\/\/webshop.hitrecords.hr\/index.php?rest_route=%2Fwp%2Fv2%2Fproduct_tag&post=973"}],"curies":[{"name":"wp","href":"https:\/\/api.w.org\/{rel}","templated":true}]}}