{"id":975,"date":"2026-02-01T14:41:00","date_gmt":"2026-02-01T13:41:00","guid":{"rendered":"http:\/\/hitrecords.digesthub.com\/proizvod\/zauvijek-naj-naj\/"},"modified":"2026-02-01T14:41:00","modified_gmt":"2026-02-01T13:41:00","slug":"zauvijek-naj-naj","status":"publish","type":"product","link":"https:\/\/webshop.hitrecords.hr\/?product=zauvijek-naj-naj","title":{"rendered":"ZAUVIJEK NAJ, NAJ"},"content":{"rendered":"<p>Popis pjesama:<br \/>\n1.\tBalkan &#8211; Azra<br \/>\n2.\tMarina &#8211; Prljavo kazali\u0161te<br \/>\n3.\tHvala ti &#8211; Parni valjak<br \/>\n4.\tLagano umirem (u tvome sje\u0107anju) &#8211; ITD band<br \/>\n5.\t\u010cija si &#8211; To\u0161e Proeski<br \/>\n6.\tPi\u0161i mi &#8211; Drugi na\u010din<br \/>\n7.\tRijeka ljubavi &#8211; Toni Cetinski<br \/>\n8.\tJa za ljubav ne\u0107u moliti &#8211; Nina Badri\u0107<br \/>\n9.\tNasloni glavu na moje rame &#8211; Tutti frutti band<br \/>\n10.\tZaklet \u0107u se &#8211; Alen Islamovi\u0107<br \/>\n11.\tZajedno &#8211; Film<br \/>\n12.\tJo\u0161 i danas zamiri\u0161i tre\u0161nja &#8211; Miroslav Rus<br \/>\n13.\tPriznaj mi &#8211; Big blue<br \/>\n14.\tDolje na koljena &#8211; Vesna Pisarovi\u0107<br \/>\n15.\tKao nekad &#8211; Boa<br \/>\n16.\tNe pitaj za mene &#8211; Patrola<\/p>\n","protected":false},"excerpt":{"rendered":"<p>Popis pjesama: 1. Balkan &#8211; Azra 2. Marina &#8211; Prljavo kazali\u0161te 3. Hvala ti &#8211; Parni valjak 4. Lagano umirem (u tvome sje\u0107anju) &#8211; ITD band 5. \u010cija si &#8211; To\u0161e Proeski 6. Pi\u0161i mi &#8211; Drugi na\u010din 7. Rijeka ljubavi &#8211; Toni Cetinski 8. Ja za ljubav ne\u0107u moliti &#8211; Nina Badri\u0107 9. Nasloni [&hellip;]<\/p>\n","protected":false},"featured_media":976,"comment_status":"open","ping_status":"closed","template":"","meta":[],"product_brand":[],"product_cat":[31],"product_tag":[],"class_list":{"0":"post-975","1":"product","2":"type-product","3":"status-publish","4":"has-post-thumbnail","6":"product_cat-cd","8":"first","9":"instock","10":"shipping-taxable","11":"purchasable","12":"product-type-simple"},"_links":{"self":[{"href":"https:\/\/webshop.hitrecords.hr\/index.php?rest_route=\/wp\/v2\/product\/975","targetHints":{"allow":["GET"]}}],"collection":[{"href":"https:\/\/webshop.hitrecords.hr\/index.php?rest_route=\/wp\/v2\/product"}],"about":[{"href":"https:\/\/webshop.hitrecords.hr\/index.php?rest_route=\/wp\/v2\/types\/product"}],"replies":[{"embeddable":true,"href":"https:\/\/webshop.hitrecords.hr\/index.php?rest_route=%2Fwp%2Fv2%2Fcomments&post=975"}],"wp:featuredmedia":[{"embeddable":true,"href":"https:\/\/webshop.hitrecords.hr\/index.php?rest_route=\/wp\/v2\/media\/976"}],"wp:attachment":[{"href":"https:\/\/webshop.hitrecords.hr\/index.php?rest_route=%2Fwp%2Fv2%2Fmedia&parent=975"}],"wp:term":[{"taxonomy":"product_brand","embeddable":true,"href":"https:\/\/webshop.hitrecords.hr\/index.php?rest_route=%2Fwp%2Fv2%2Fproduct_brand&post=975"},{"taxonomy":"product_cat","embeddable":true,"href":"https:\/\/webshop.hitrecords.hr\/index.php?rest_route=%2Fwp%2Fv2%2Fproduct_cat&post=975"},{"taxonomy":"product_tag","embeddable":true,"href":"https:\/\/webshop.hitrecords.hr\/index.php?rest_route=%2Fwp%2Fv2%2Fproduct_tag&post=975"}],"curies":[{"name":"wp","href":"https:\/\/api.w.org\/{rel}","templated":true}]}}