{"id":979,"date":"2026-02-01T14:41:00","date_gmt":"2026-02-01T13:41:00","guid":{"rendered":"http:\/\/hitrecords.digesthub.com\/proizvod\/sve-najbolje-2\/"},"modified":"2026-02-01T14:41:00","modified_gmt":"2026-02-01T13:41:00","slug":"sve-najbolje-2","status":"publish","type":"product","link":"https:\/\/webshop.hitrecords.hr\/?product=sve-najbolje-2","title":{"rendered":"SVE NAJBOLJE"},"content":{"rendered":"<p>Popis pjesama:<br \/>\n1.\tRamo ramo<br \/>\n2.\tMoj Kiseljak<br \/>\n3.\tAn\u0111elina<br \/>\n4.\tSirotica<br \/>\n5.\tKo blago<br \/>\n6.\tNaopako<br \/>\n7.\tIdu suze<br \/>\n8.\tSama sama<br \/>\n9.\tRavnica<br \/>\n10.\tPe\u0161\u0107enica<\/p>\n","protected":false},"excerpt":{"rendered":"<p>Popis pjesama: 1. Ramo ramo 2. Moj Kiseljak 3. An\u0111elina 4. Sirotica 5. Ko blago 6. Naopako 7. Idu suze 8. Sama sama 9. Ravnica 10. Pe\u0161\u0107enica<\/p>\n","protected":false},"featured_media":981,"comment_status":"open","ping_status":"closed","template":"","meta":[],"product_brand":[],"product_cat":[31],"product_tag":[],"class_list":{"0":"post-979","1":"product","2":"type-product","3":"status-publish","4":"has-post-thumbnail","6":"product_cat-cd","8":"first","9":"instock","10":"shipping-taxable","11":"purchasable","12":"product-type-simple"},"_links":{"self":[{"href":"https:\/\/webshop.hitrecords.hr\/index.php?rest_route=\/wp\/v2\/product\/979","targetHints":{"allow":["GET"]}}],"collection":[{"href":"https:\/\/webshop.hitrecords.hr\/index.php?rest_route=\/wp\/v2\/product"}],"about":[{"href":"https:\/\/webshop.hitrecords.hr\/index.php?rest_route=\/wp\/v2\/types\/product"}],"replies":[{"embeddable":true,"href":"https:\/\/webshop.hitrecords.hr\/index.php?rest_route=%2Fwp%2Fv2%2Fcomments&post=979"}],"wp:featuredmedia":[{"embeddable":true,"href":"https:\/\/webshop.hitrecords.hr\/index.php?rest_route=\/wp\/v2\/media\/981"}],"wp:attachment":[{"href":"https:\/\/webshop.hitrecords.hr\/index.php?rest_route=%2Fwp%2Fv2%2Fmedia&parent=979"}],"wp:term":[{"taxonomy":"product_brand","embeddable":true,"href":"https:\/\/webshop.hitrecords.hr\/index.php?rest_route=%2Fwp%2Fv2%2Fproduct_brand&post=979"},{"taxonomy":"product_cat","embeddable":true,"href":"https:\/\/webshop.hitrecords.hr\/index.php?rest_route=%2Fwp%2Fv2%2Fproduct_cat&post=979"},{"taxonomy":"product_tag","embeddable":true,"href":"https:\/\/webshop.hitrecords.hr\/index.php?rest_route=%2Fwp%2Fv2%2Fproduct_tag&post=979"}],"curies":[{"name":"wp","href":"https:\/\/api.w.org\/{rel}","templated":true}]}}