{"id":987,"date":"2026-02-01T14:41:01","date_gmt":"2026-02-01T13:41:01","guid":{"rendered":"http:\/\/hitrecords.digesthub.com\/proizvod\/zar-ptica\/"},"modified":"2026-02-01T14:41:01","modified_gmt":"2026-02-01T13:41:01","slug":"zar-ptica","status":"publish","type":"product","link":"https:\/\/webshop.hitrecords.hr\/?product=zar-ptica","title":{"rendered":"\u017dAR PTICA"},"content":{"rendered":"<p>Popis pjesama:<br \/>\n1.\tBiv\u0161i dragi<br \/>\n2.\tBrod budala<br \/>\n3.\tDaleko od o\u010diju<br \/>\n4.\tOtpi\u0161i sve biv\u0161e<br \/>\n5.\tMirno more<br \/>\n6.\tNi zadnji ni prvi<br \/>\n7.\tDa te ne volim bar<br \/>\n8.\tNemoj<br \/>\n9.\tOdavno<br \/>\n10.\tNe reci mi<br \/>\n11.\tSve bih dala za nas<br \/>\n12.\tGdje je tu ljubav?<\/p>\n","protected":false},"excerpt":{"rendered":"<p>Popis pjesama: 1. Biv\u0161i dragi 2. Brod budala 3. Daleko od o\u010diju 4. Otpi\u0161i sve biv\u0161e 5. Mirno more 6. Ni zadnji ni prvi 7. Da te ne volim bar 8. Nemoj 9. Odavno 10. Ne reci mi 11. Sve bih dala za nas 12. Gdje je tu ljubav?<\/p>\n","protected":false},"featured_media":989,"comment_status":"open","ping_status":"closed","template":"","meta":[],"product_brand":[],"product_cat":[31],"product_tag":[],"class_list":{"0":"post-987","1":"product","2":"type-product","3":"status-publish","4":"has-post-thumbnail","6":"product_cat-cd","8":"first","9":"instock","10":"shipping-taxable","11":"purchasable","12":"product-type-simple"},"_links":{"self":[{"href":"https:\/\/webshop.hitrecords.hr\/index.php?rest_route=\/wp\/v2\/product\/987","targetHints":{"allow":["GET"]}}],"collection":[{"href":"https:\/\/webshop.hitrecords.hr\/index.php?rest_route=\/wp\/v2\/product"}],"about":[{"href":"https:\/\/webshop.hitrecords.hr\/index.php?rest_route=\/wp\/v2\/types\/product"}],"replies":[{"embeddable":true,"href":"https:\/\/webshop.hitrecords.hr\/index.php?rest_route=%2Fwp%2Fv2%2Fcomments&post=987"}],"wp:featuredmedia":[{"embeddable":true,"href":"https:\/\/webshop.hitrecords.hr\/index.php?rest_route=\/wp\/v2\/media\/989"}],"wp:attachment":[{"href":"https:\/\/webshop.hitrecords.hr\/index.php?rest_route=%2Fwp%2Fv2%2Fmedia&parent=987"}],"wp:term":[{"taxonomy":"product_brand","embeddable":true,"href":"https:\/\/webshop.hitrecords.hr\/index.php?rest_route=%2Fwp%2Fv2%2Fproduct_brand&post=987"},{"taxonomy":"product_cat","embeddable":true,"href":"https:\/\/webshop.hitrecords.hr\/index.php?rest_route=%2Fwp%2Fv2%2Fproduct_cat&post=987"},{"taxonomy":"product_tag","embeddable":true,"href":"https:\/\/webshop.hitrecords.hr\/index.php?rest_route=%2Fwp%2Fv2%2Fproduct_tag&post=987"}],"curies":[{"name":"wp","href":"https:\/\/api.w.org\/{rel}","templated":true}]}}